{"id":482,"date":"2022-12-20T11:31:11","date_gmt":"2022-12-20T10:31:11","guid":{"rendered":"http:\/\/demo.we-com.info\/base\/agidwp4\/?page_id=482"},"modified":"2022-12-20T11:31:11","modified_gmt":"2022-12-20T10:31:11","slug":"privacy","status":"publish","type":"page","link":"https:\/\/demo.we-com.info\/base\/agidwp4\/privacy\/","title":{"rendered":"Privacy"},"content":{"rendered":"<h1 class=\"u-text-h2\">Privacy Policy<\/h1>\n<section class=\"Grid Grid--withGutter\">\n<div class=\"Grid-cell u-md-size8of12 u-lg-size8of12\">\n<div class=\"Prose u-layout-prose\">\n<p>Il Comune di Viterbo gestisce quotidianamente migliaia di dati cittadini e utenti, oltre che di tutti coloro che frequentano le sue sedi o navigano sul portale https:\/\/comune.viterbo.it\/.<\/p>\n<p>Per garantire la massima trasparenza sulle modalit\u00e0 di gestione dei dati personali, il Comune dedica la presente pagina per informare i propri utenti sulle modalit\u00e0 di attuazione del Regolamento europeo 2016\/679 in materia di protezione dei dati personali e del Codice in materia di protezione dei dati personali (meglio noto come\u00a0Codice della privacy) e sui diritti degli interessati (persone cui i dati si riferiscono).<\/p>\n<ul>\n<li>Il\u00a0<strong>Regolamento europeo in materia di protezione dei dati personali<\/strong>, approvato il 27 aprile 2016 e\u00a0pubblicato nella Gazzetta Ufficiale UE\u00a0il 4 maggio 2016, \u00e8 entrato in vigore il 24 maggio dello stesso anno. Il Regolamento \u00e8 direttamente applicabile a partire dal 25 maggio 2018 in tutti gli Stati membri.<\/li>\n<li>Il\u00a0<strong>\u00a0lgs. n. 196\/2003<\/strong>, recante \u201c<strong>Codice in materia di protezione dei dati personali<\/strong>\u201c, modificato dal d. lgs. n. 101\/2018 \u201c<em>Disposizioni per l\u2019adeguamento della normativa nazionale alle disposizioni del regolamento (UE) 2016\/679<\/em>\u201c, \u00e8 il principale testo nazionale di riferimento in materia di privacy. Il quadro si completa con i provvedimenti e le decisioni dell\u2019Autorit\u00e0 Garante per la protezione dei dati personali.<\/li>\n<\/ul>\n<p>Con l\u2019entrata in vigore del Regolamento UE 2016\/679 ed in seguito alle modifiche apportate al d.lgs 196\/2003 dal d.lgs 101\/2018 il Comune ha proceduto a revisionare l\u2019intera disciplina interna sul trattamento dei dati personali al fine di adeguarsi alle nuove disposizioni.<\/p>\n<p>&nbsp;<\/p>\n<p><strong>Diritti dell\u2019interessato<\/strong><\/p>\n<p>In base all\u2019art. 15 e seguenti del Regolamento UE gli interessati (persone fisiche a cui si riferiscono i dati), possono esercitare in qualsiasi momento i propri diritti ed in particolare il diritto di accedere ai propri dati personali, di chiederne la rettifica o la limitazione, l\u2019aggiornamento se incompleti o erronei e la cancellazione se raccolti in violazione di legge, nonch\u00e9 di opporsi al loro trattamento fatta salva l\u2019esistenza di motivi legittimi da parte del Titolare. A tal fine \u00e8 possibile rivolgersi al Titolare, oppure al Responsabile della protezione dei dati. Si informa infine che \u00e8 prevista la possibilit\u00e0 di proporre reclamo all\u2019Autorit\u00e0 di Controllo Italiana \u2013 Garante per la protezione dei dati personali \u2013 Piazza Venezia n. 11, IT \u2013 00187, Roma (<a class=\"external-link\" href=\"http:\/\/www.garanteprivacy.it\/\" target=\"_blank\" rel=\"noopener\">www.garanteprivacy.it<\/a>).<\/p>\n<p>I diritti delle persone a cui si riferiscono i dati personali sono disciplinati\u00a0<a class=\"external-link\" href=\"http:\/\/www.normattiva.it\/uri-res\/N2Ls?urn:nir:stato:decreto.legislativo:2003-06-30;196%21vig=\" target=\"_blank\" rel=\"noopener\"><strong>dagli artt. 15-22 del Regolamento UE 2016\/679<\/strong><\/a>.<\/p>\n<p><strong>L\u2019interessato ha diritto di:<\/strong><\/p>\n<ul>\n<li><strong>Accesso\u00a0<\/strong>ai propri dati, nelle seguenti modalit\u00e0:<\/li>\n<\/ul>\n<ol>\n<li>avere conferma che sia o meno in corso un trattamento di dati personali che lo riguarda;<\/li>\n<li>ottenere l\u2019accesso ai dati e alle seguenti informazioni:<\/li>\n<\/ol>\n<ul>\n<li>finalit\u00e0 del trattamento<\/li>\n<li>categorie di dati personali<\/li>\n<li>destinatari o categorie di destinatari a cui i dati personali sono stati o saranno comunicati, in particolare se destinatari di paesi terzi o organizzazioni internazionali e, in tale caso, esistenza di garanzie adeguate<\/li>\n<li>quando possibile, periodo di conservazione dei dati personali previsto oppure, se non \u00e8 possibile, criteri utilizzati per determinarlo<\/li>\n<li>esistenza del diritto dell\u2019interessato di chiedere al titolare del trattamento la rettifica o la cancellazione dei dati personali o la limitazione del trattamento e di opporsi, per motivi connessi alla sua situazione particolare, al loro trattamento<\/li>\n<li>diritto di proporre reclamo a un\u2019Autorit\u00e0 di controllo<\/li>\n<li>qualora i dati non siano raccolti presso l\u2019interessato, tutte le informazioni disponibili sulla loro origine<\/li>\n<li>esistenza di un processo decisionale automatizzato, compresa la profilazione e, almeno in tali casi, informazioni significative sulla logica utilizzata, nonch\u00e9 l\u2019importanza e le conseguenze di tale trattamento per l\u2019interessato.<\/li>\n<\/ul>\n<ul>\n<li><strong>Rettifica\u00a0<\/strong>dei dati personali inesatti<\/li>\n<li><strong>Integrazione\u00a0<\/strong>dei dati personali incompleti<\/li>\n<li><strong>Cancellazione\u00a0<\/strong>dei dati personali (\u201c<strong>Diritto all\u2019oblio<\/strong>\u201d), ivi compresa l\u2019eliminazione di qualsiasi link, copia o riproduzione, nelle seguenti ipotesi:<\/li>\n<\/ul>\n<ul>\n<li>i dati non sono pi\u00f9 necessari rispetto alle finalit\u00e0 per le quali sono stati raccolti o trattati<\/li>\n<li>l\u2019interessato revoca il consenso e non sussiste altro fondamento giuridico per il trattamento<\/li>\n<li>l\u2019interessato si oppone al trattamento e non sussiste alcun motivo legittimo prevalente per procedervi<\/li>\n<li>i dati sono stati trattati illecitamente<\/li>\n<li>i dati devono essere cancellati per adempiere un obbligo di legge<\/li>\n<li>i dati riguardano minori di 16 anni e sono stati raccolti in relazione all\u2019offerta di servizi informatici.<\/li>\n<\/ul>\n<p>L\u2019esercizio del diritto comporta l\u2019obbligo per il Titolare che ha reso pubblici i dati, tenuto conto della tecnologia disponibile e dei costi di attuazione, di adottare le misure ragionevoli per informare della richiesta dell\u2019interessato gli altri Titolari che stanno trattando i dati.<\/p>\n<ul>\n<li><strong>Limitazione del trattamento<\/strong>, nelle seguenti ipotesi:<\/li>\n<\/ul>\n<ul>\n<li>l\u2019interessato contesta l\u2019esattezza dei dati personali (per il periodo necessario al Titolare del trattamento per verificarne l\u2019esattezza)<\/li>\n<li>il trattamento \u00e8 illecito e l\u2019interessato si oppone alla cancellazione dei dati personali chiedendo invece che ne sia limitato l\u2019utilizzo<\/li>\n<li>bench\u00e9 il Titolare del trattamento non ne abbia pi\u00f9 bisogno ai fini del trattamento, i dati personali sono necessari all\u2019interessato per l\u2019accertamento, l\u2019esercizio o la difesa di un diritto in sede giudiziaria<\/li>\n<li>l\u2019interessato si \u00e8 opposto al trattamento (in attesa della verifica in merito all\u2019eventuale prevalenza dei motivi legittimi del Titolare del trattamento rispetto a quelli dell\u2019interessato).<\/li>\n<\/ul>\n<ul>\n<li><strong>Portabilit\u00e0 dei dati<\/strong>, per i trattamenti effettuati con mezzi automatizzati e basati sul consenso dell\u2019interessato o su un contratto sottoscritto col medesimo.<\/li>\n<\/ul>\n<p>Consiste nel diritto di ricevere, in un formato strutturato, di uso comune e leggibile da dispositivo automatico, i dati personali forniti a un Titolare del trattamento e trasmetterli a un altro Titolare. Se tecnicamente fattibile, il trasferimento avviene direttamente da un Titolare del trattamento all\u2019altro.<\/p>\n<ul>\n<li><strong>Opporsi al trattamento<\/strong>, in tutto o in parte, nei seguenti casi:<\/li>\n<\/ul>\n<ul>\n<li>per motivi connessi alla sua situazione particolare, in caso di trattamenti necessari per l\u2019esecuzione di un compito di interesse pubblico o connesso all\u2019esercizio di pubblici poteri e in caso di trattamenti necessari per il perseguimento del legittimo interesse del Titolare o di terzi. Il Titolare si astiene dal trattare ulteriormente i dati, salvo che dimostri l\u2019esistenza di motivi legittimi cogenti prevalenti sui diritti dell\u2019interessato oppure finalizzati all\u2019accertamento, all\u2019esercizio o alla difesa di un diritto in sede giudiziaria;<\/li>\n<li>nel caso di trattamenti per finalit\u00e0 di marketing diretto, compresa la profilazione nella misura in cui sia connessa al marketing stesso;<\/li>\n<li>per motivi connessi alla sua situazione particolare, nel caso di trattamenti per finalit\u00e0 di ricerca scientifica o storica o a fini statistici, salvo che il trattamento sia necessario per l\u2019esecuzione di un compito di interesse pubblico.<\/li>\n<\/ul>\n<ul>\n<li><strong>Non essere sottoposto a una decisione basata unicamente su trattamenti automatizzati<\/strong>, compresa la profilazione, che produca effetti giuridici che lo riguardano o che incida significativamente sulla sua persona (tranne nei casi in cui la decisione sia necessaria per la conclusione o l\u2019esecuzione di un contratto tra il Titolare e l\u2019interessato; ovvero sia autorizzata dal diritto dell\u2019Unione o dello Stato membro al quale \u00e8 soggetto il Titolare; ovvero si basi sul consenso esplicito dell\u2019interessato).<\/li>\n<li><strong>Reclamo\u00a0<\/strong>all\u2019Autorit\u00e0 Garante per la Protezione dei dati personali (utilizzando eventualmente il modello messo a disposizione dall\u2019Autorit\u00e0 Garante per la Protezione dei dati personali).<\/li>\n<\/ul>\n<p><strong>Come far valere i propri diritti<\/strong><\/p>\n<p>I diritti \u2013 fatta salva la proposizione di reclamo all\u2019Autorit\u00e0 di controllo \u2013\u00a0sono esercitati mediante\u00a0<strong>richiesta<\/strong>\u00a0scritta corredata di copia fotostatica non autenticata di un documento di riconoscimento, utilizzando eventualmente il modello messo a disposizione dall\u2019Autorit\u00e0 Garante per la Protezione dei dati personali, da inviarsi al Titolare (Comune di Viterbo) anche per il tramite del Responsabile della Protezione dei Dati del Comune, secondo una delle seguenti modalit\u00e0:<\/p>\n<ul>\n<li>di persona presso le strutture competenti a ricevere la richiesta in quanto trattano il dato (ad es. Ufficio Protocollo)<\/li>\n<li>via pec a\u00a0<em>protocollo@pec.comuneviterbo.it<\/em>\u00a0indirizzando la richiesta alla struttura che tratta il dato.<\/li>\n<li>con apposita comunicazione inviata via posta al Comune di Viterbo, Via Filippo Ascenzi, 1 \u2013 01100 Viterbo (VT), all\u2019attenzione del Sindaco e del DPO.<\/li>\n<\/ul>\n<p>L\u2019istanza pu\u00f2 essere presentata da un delegato dell\u2019interessato, che esibisce o allega copia della delega sottoscritta, unitamente a copia fotostatica non autenticata di un documento di riconoscimento proprio e dell\u2019interessato.<\/p>\n<p><strong>Termini<\/strong>\u00a0massimi per la risposta: 1 mese, estendibile fino a 3 mesi, previa comunicazione all\u2019interessato, nei casi di particolare complessit\u00e0.<\/p>\n<p><strong>Costi<\/strong>: l\u2019esercizio dei diritti \u00e8 gratuito, ma in caso di richieste manifestamente infondate o eccessive (anche per il loro carattere ripetitivo) potr\u00e0 essere addebitato un contributo in base ai costi amministrativi sostenuti dal Titolare.<\/p>\n<p>&nbsp;<\/p>\n<h2><strong>Informativa per il TRATTAMENTO DATI PERSONALI ACCESSO AL SITO<\/strong><\/h2>\n<p>Ai sensi dell\u2019art. 13 del Regolamento UE n. 2016\/679 (Regolamento generale sulla protezione dei dati personali), si forniscono le seguenti informazioni.<\/p>\n<p><strong>Titolare del trattamento<\/strong><\/p>\n<p>Il Titolare del trattamento \u00e8 il Comune di Viterbo con sede in Via Filippo Ascenzi, 1 \u2013 01100 Viterbo (VT)<\/p>\n<p><strong>Responsabile della protezione dei dati personali\u00a0<\/strong><\/p>\n<p>Il Responsabile per la protezione dei dati personali (Data Protection Officer \u201cDPO\u201d) del Comune di Viterbo, l\u2019Avv. Valentina Arena, \u00e8 raggiungibile al seguente indirizzo e-mail:\u00a0<em>protocollo@pec.comuneviterbo.it<\/em><\/p>\n<p><strong>Dato personale<\/strong><\/p>\n<p>Secondo l\u2019art. 4 \u2013 n.1 \u2013 del Regolamento Ue n. 2016\/679, per dato personale si intende qualsiasi informazione riguardante una persona fisica identificata o identificabile (interessato).<\/p>\n<p><strong>Finalit\u00e0 e base giuridica<\/strong><\/p>\n<p>Il trattamento dei dati \u00e8 finalizzato a consentire l\u2019accesso al Sito tramite SPID (Sistema Pubblico di Identit\u00e0 Digitale) e CIE (Carta d\u2019Identit\u00e0 Elettronica) per gestire le richieste degli interessati rispetto ai servizi on line erogati dal Comune in sostituzione del documento cartaceo; notizie e informazioni sui nuovi servizi offerti dal Comune. I dati personali sono trattati nel rispetto delle condizioni previste dal Regolamento UE 2016\/679 ed in particolare dall\u2019art. 6 \u2013 par. 1 lett. e) \u2013 e dall\u2019art. 2 ter del D.lgs. 196\/2003 \u201cCodice in materia di protezione dei dati personali\u201d, per l\u2019<strong><u>esecuzione di un compito di interesse pubblico e connesso all\u2019esercizio di pubblici poteri<\/u><\/strong>\u00a0di cui \u00e8 investito il Comune, in coerenza con il D.lgs. n. 82\/2005 \u201cCodice dell\u2019Amministrazione Digitale\u201d.<\/p>\n<p><strong>L\u2019adesione ai servizi prescelti potr\u00e0 essere revocata in qualsiasi momento autonomamente utilizzando la stessa modalit\u00e0 di adesione. La revoca non pregiudica la liceit\u00e0 dei trattamenti effettuati sulla base dell\u2019adesione espressa prima della revoca stessa.\u00a0<\/strong><\/p>\n<p><strong>Tipologie dei dati trattati\u00a0<\/strong><br \/>\nLa gestione del procedimento comporta il trattamento dei seguenti dati personali:<br \/>\n1.<strong>\u00a0 \u00a0 Autenticazione SPID:<\/strong><br \/>\na.\u00a0 \u00a0 Nome e Cognome<br \/>\nb.\u00a0 \u00a0 Codice fiscale<br \/>\nc.\u00a0 \u00a0 Contatti: telefono, e-mail<br \/>\n2.\u00a0 \u00a0<strong>\u00a0Autenticazione CIE:<\/strong><br \/>\na.\u00a0 \u00a0 Nome e Cognome<br \/>\nb.\u00a0 \u00a0 Codice fiscale<br \/>\nc.\u00a0 \u00a0 Data di nascita<br \/>\n3.\u00a0 \u00a0<strong>\u00a0Informazioni correlate alla gestione dei Servizi on line:<\/strong><br \/>\na.\u00a0 \u00a0 Adesione ai servizi<br \/>\nb.\u00a0 \u00a0 Recapiti e indirizzi indicati per l\u2019invio delle comunicazioni da parte del Comune<\/p>\n<p><strong>Modalit\u00e0 di trattamento<\/strong><\/p>\n<p>Il trattamento si svolge nel rispetto dei diritti e delle libert\u00e0 fondamentali ed \u00e8 improntato ai principi di correttezza, liceit\u00e0, trasparenza e di tutela della riservatezza assicurando la pertinenza e proporzionalit\u00e0 delle informazioni raccolte e utilizzate rispetto alla finalit\u00e0 descritta.<\/p>\n<p><strong>Natura del trattamento<\/strong><\/p>\n<p>L\u2019accesso al Sito tramite SPID e CIE implica necessariamente il trattamento dei dati trasmessi rispettivamente dall\u2019Identity Provider di cui al punto n. 1 e dal Ministero dell\u2019Interno di cui al punto n. 2 del precedente paragrafo \u201cTipologia dei dati trattati\u201d.<\/p>\n<p>L\u2019adesione ai servizi on line \u00e8 volontaria e la mancata adesione non pregiudica la loro erogazione da parte del Comune di Viterbo, Titolare del trattamento.<\/p>\n<p><strong>Comunicazione e diffusione\u00a0<\/strong><\/p>\n<p>I dati personali non sono oggetto di diffusione o di comunicazione, salvo i casi in cui specifiche disposizioni di legge prevedano tale ultima operazione (es. autorit\u00e0 giudiziaria)<\/p>\n<p><strong>Categorie di destinatari dei dati<\/strong><\/p>\n<p>I trattamenti sono effettuati a cura delle persone autorizzate e impegnate alla riservatezza e preposte alle relative attivit\u00e0 in relazione alle finalit\u00e0 perseguite.<\/p>\n<p>Il trattamento dei dati sar\u00e0 effettuato anche dalle societ\u00e0 We-Com s.r.l. con sede legale in Via Papa Giovanni XXI, 23 \u2013 01100 Viterbo ed eventuali altre societ\u00e0 che gestiscono dati del sito che assumono la funzione di Responsabile del trattamento ex art. 28 del Regolamento UE 2016\/679.<\/p>\n<p><strong>Conservazione dei dati<\/strong><\/p>\n<p>I dati saranno conservati per il tempo necessario al conseguimento delle finalit\u00e0 per le quali sono stati raccolti e comunque per un periodo massimo di 2 anni dall\u2019ultima interazione del cittadino con i servizi online del Comune di Viterbo, oltre i quali i dati saranno eliminati.<\/p>\n<p><strong>Trasferimento dati verso paese terzi\u00a0<\/strong><\/p>\n<p>I dati trattati per le gi\u00e0 menzionate finalit\u00e0 non sono trasferiti a paesi terzi all\u2019esterno dell\u2019Unione Europea o dello Spazio Economico Europeo (SEE) o ad organizzazioni internazionali.<\/p>\n<p><strong>Diritti degli interessati\u00a0<\/strong><\/p>\n<p>Gli interessati possono esercitare i diritti previsti dall\u2019art. 15 e seguenti del Regolamento UE 2016\/679 e in particolare il diritto di accedere ai propri dati personali, di chiederne la rettifica o la limitazione, l\u2019aggiornamento se incompleti o erronei e la cancellazione se sussistono i presupposti, nonch\u00e9 di opporsi all\u2019elaborazione rivolgendo la richiesta:<\/p>\n<p>\u2013 al Comune di Viterbo in qualit\u00e0 di Titolare, Via Filippo Ascenzi, 1 \u2013 01100 Viterbo (VT) e al seguente indirizzo e-mail:\u00a0<em>protocollo@pec.comuneviterbo.it<\/em><\/p>\n<p>oppure<\/p>\n<p>\u2013 al Responsabile per la Protezione dei Dati Personali del Comune di Viterbo (Data Protection Officer \u2013 \u201cDPO\u201d) all\u2019indirizzo e-mail:\u00a0<i>protocollo@pec.comuneviterbo.it<\/i><\/p>\n<p><strong>Diritto di reclamo<\/strong><\/p>\n<p>Si informa infine che gli interessati, qualora ritengano che il trattamento dei dati personali a loro riferiti avvenga in violazione di quanto previsto dal Regolamento UE 2016\/679 (art. 77) hanno il diritto di proporre reclamo al\u00a0<a class=\"external-link\" href=\"http:\/\/www.garanteprivacy.it\/\" target=\"_blank\" rel=\"noopener\">Garante<\/a>, o di adire le opportune sedi giudiziarie (art. 79 del Regolamento).<\/p>\n<\/div>\n<\/div>\n<\/section>\n","protected":false},"excerpt":{"rendered":"<p>Privacy Policy Il Comune di Viterbo gestisce quotidianamente migliaia di dati cittadini e utenti, oltre che di tutti coloro che frequentano le sue sedi o navigano sul portale https:\/\/comune.viterbo.it\/. Per garantire la massima trasparenza sulle modalit\u00e0 [&hellip;]<\/p>\n","protected":false},"author":4,"featured_media":0,"parent":0,"menu_order":0,"comment_status":"closed","ping_status":"closed","template":"","meta":{"footnotes":""},"class_list":["post-482","page","type-page","status-publish","hentry"],"_links":{"self":[{"href":"https:\/\/demo.we-com.info\/base\/agidwp4\/wp-json\/wp\/v2\/pages\/482","targetHints":{"allow":["GET"]}}],"collection":[{"href":"https:\/\/demo.we-com.info\/base\/agidwp4\/wp-json\/wp\/v2\/pages"}],"about":[{"href":"https:\/\/demo.we-com.info\/base\/agidwp4\/wp-json\/wp\/v2\/types\/page"}],"author":[{"embeddable":true,"href":"https:\/\/demo.we-com.info\/base\/agidwp4\/wp-json\/wp\/v2\/users\/4"}],"replies":[{"embeddable":true,"href":"https:\/\/demo.we-com.info\/base\/agidwp4\/wp-json\/wp\/v2\/comments?post=482"}],"version-history":[{"count":1,"href":"https:\/\/demo.we-com.info\/base\/agidwp4\/wp-json\/wp\/v2\/pages\/482\/revisions"}],"predecessor-version":[{"id":483,"href":"https:\/\/demo.we-com.info\/base\/agidwp4\/wp-json\/wp\/v2\/pages\/482\/revisions\/483"}],"wp:attachment":[{"href":"https:\/\/demo.we-com.info\/base\/agidwp4\/wp-json\/wp\/v2\/media?parent=482"}],"curies":[{"name":"wp","href":"https:\/\/api.w.org\/{rel}","templated":true}]}}