
{"id":973,"date":"2025-11-06T14:55:11","date_gmt":"2025-11-06T13:55:11","guid":{"rendered":"https:\/\/demo.we-com.info\/avis\/?page_id=973"},"modified":"2026-02-02T10:48:49","modified_gmt":"2026-02-02T09:48:49","slug":"perche-donare","status":"publish","type":"page","link":"https:\/\/demo.we-com.info\/avis\/perche-donare\/","title":{"rendered":"Perch\u00e8 donare"},"content":{"rendered":"\n<div class=\"wp-block-cover has-parallax\"><div role=\"img\" aria-label=\"Cover Donazione avis perch\u00e8 donare\" class=\"wp-block-cover__image-background wp-image-16 size-full has-parallax\" style=\"background-position:50% 50%;background-image:url(https:\/\/demo.we-com.info\/avis\/wp-content\/uploads\/2025\/10\/Donazione-Sangue-2-750x375@2x.jpg)\"><\/div><span aria-hidden=\"true\" class=\"wp-block-cover__background has-base-3-background-color has-background-dim-40 has-background-dim\"><\/span><div class=\"wp-block-cover__inner-container is-layout-constrained wp-block-cover-is-layout-constrained\">\n<p class=\"has-text-align-center has-accent-color has-text-color has-link-color has-x-large-font-size wp-elements-eaf2f114604416640a3cb78a793b6c4f\"><strong>PERCH\u00c8 DONARE<\/strong><\/p>\n<\/div><\/div>\n\n\n\n<div class=\"gb-element-86e6d787\">\n<div class=\"gb-element-be3175f8\">\n<h2 class=\"wp-block-heading has-text-align-left has-contrast-color has-text-color has-link-color has-x-large-font-size wp-elements-ce606feb7249e5819214302376dee79a\" data-aos=\"flip-up\"><strong>Il sangue \u00e8 insostituibile<\/strong><\/h2>\n<\/div>\n\n\n\n<div class=\"gb-element-c506a97e\">\n<h2 class=\"wp-block-heading has-text-align-left has-contrast-color has-text-color has-link-color has-x-large-font-size wp-elements-b7e57b09fee08168d98ee0dd520268c3\" data-aos=\"flip-up\"><strong>Il sangue non \u00e8 riproducibile<\/strong>&nbsp;<\/h2>\n\n\n\n<p><strong>Il sangue non \u00e8 riproducibile<\/strong>&nbsp;artificialmente ed \u00e8 indispensabile alla vita.<br>\u00c8 un tessuto fluido, composto da elementi cellulari (globuli rossi, globuli bianchi e piastrine) &nbsp;e da un elemento liquido (plasma), nel quale sono disciolte proteine, sali minerali, grassi e zuccheri.<br>In base a particolari sostanze presenti sulla superficie dei globuli rossi, il sangue si differenzia in 4 tipi fondamentali: gruppo A \u2013 &nbsp;gruppo B \u2013 gruppo AB \u2013 gruppo 0 (zero); ognuno di questi gruppi \u00e8 definito positivo o negativo in base alla presenza o meno del \u201cfattore Rh\u201d.<\/p>\n<\/div>\n\n\n\n<div class=\"gb-element-51dbaf59\">\n<h2 class=\"wp-block-heading has-text-align-left has-contrast-color has-text-color has-link-color has-x-large-font-size wp-elements-b68cf6156ba4dd7f6946fe0cf15a7f7a\" data-aos=\"flip-up\"><strong>Il sangue \u00e8 indispensabile<\/strong><\/h2>\n\n\n\n<p>Il fabbisogno di sangue \u00e8 in costante crescita: molte cure non sarebbero possibili senza la disponibilit\u00e0 di unit\u00e0 &nbsp;di sangue e di plasma. Basti pensare ai servizi di primo soccorso e di emergenza-urgenza, alle attivit\u00e0 di alta specializzazione come la chirurgia e i trapianti di organo, alla cura delle malattie oncologiche e alle cure in assistenza domiciliare: &nbsp;tutti servizi che nella nostra regione negli ultimi anni sono stati potenziati e che comportano un continuo aumento delle richieste di sangue e di plasma.<br>Donare sangue \u00e8 una scelta di solidariet\u00e0 e civilt\u00e0: la disponibilit\u00e0 di sangue &nbsp;\u00e8 un patrimonio collettivo di cui ciascuno pu\u00f2 usufruire al momento del bisogno<\/p>\n<\/div>\n<\/div>\n\n\n\n<div class=\"gb-element-eb62a655\">\n<div class=\"gb-element-f9e602a6\">\n<div class=\"gb-element-e86dc9b5\" data-aos=\"slide-right\">\n<p class=\"has-large-font-size\"><strong>Chi dona e chi riceve<\/strong><\/p>\n\n\n\n<p>Ognuno di noi pu\u00f2 avere bisogno di questo \u201cbene\u201d naturale e prezioso.<br>Chi decide di diventare donatore di sangue stabilisce con il \u201cricevente\u201d un patto di fiducia, di cui \u00e8 intermediario il sistema trasfusionale: i fondamenti &nbsp;di questo patto sono la responsabilit\u00e0 del donatore a garantire il proprio stile di vita &nbsp;e la propria storia clinica e la professionalit\u00e0 del medico addetto alla raccolta nel tutelarne la salute.<br>Essere un donatore di sangue abituale facilita &nbsp;il lavoro dei Servizi trasfusionali degli ospedali: permette una maggiore programmazione della raccolta di sangue, una migliore gestione delle situazioni di urgenza e di emergenza. &nbsp;&nbsp;<\/p>\n<\/div>\n\n\n\n<div class=\"gb-element-3fee040a\"><\/div>\n<\/div>\n<\/div>\n\n\n\n<div class=\"gb-element-25e1e77c\">\n<div class=\"gb-element-42582a00\">\n<div class=\"gb-element-07e75ea4\"><\/div>\n\n\n\n<div class=\"gb-element-f0836a40\" data-aos=\"slide-right\">\n<p class=\"has-large-font-size\"><strong><strong>La sicurezza innanzi tutto<\/strong><\/strong><\/p>\n\n\n\n<p>Il sangue \u00e8 una fonte di vita rinnovabile: lo si pu\u00f2 donare regolarmente senza alcun danno perch\u00e9 l\u2019organismo lo reintegra &nbsp;molto velocemente.<br>Le procedure della donazione e dell\u2019utilizzo del sangue raccolto sono molto rigorose e sono sottoposte a verifiche di qualit\u00e0. Ad esempio, il materiale impiegato per la donazione (aghi, sacche per il contenimento del &nbsp;sangue raccolto, ecc.) &nbsp;\u00e8 totalmente sterile e viene usato una sola volta.<br>Il donatore di sangue, con le donazioni periodiche e regolari, ha la garanzia di un controllo costante del proprio stato di salute attraverso le visite mediche e gli accurati &nbsp;esami di laboratorio eseguiti ad ogni prelievo.<br>Il sangue \u00e8 sicuro: il donatore e il ricevente non corrono alcun rischio &nbsp;<\/p>\n<\/div>\n<\/div>\n<\/div>\n","protected":false},"excerpt":{"rendered":"<p>Il sangue \u00e8 insostituibile Il sangue non \u00e8 riproducibile&nbsp; Il sangue non \u00e8 riproducibile&nbsp;artificialmente ed \u00e8 indispensabile alla vita.\u00c8 un tessuto fluido, composto da elementi cellulari (globuli rossi, globuli bianchi &#8230; <a title=\"Perch\u00e8 donare\" class=\"read-more\" href=\"https:\/\/demo.we-com.info\/avis\/perche-donare\/\" aria-label=\"Per saperne di pi\u00f9 su Perch\u00e8 donare\">Leggi tutto<\/a><\/p>\n","protected":false},"author":2,"featured_media":0,"parent":0,"menu_order":0,"comment_status":"closed","ping_status":"closed","template":"","meta":{"_acf_changed":false,"footnotes":""},"class_list":["post-973","page","type-page","status-publish"],"acf":[],"_links":{"self":[{"href":"https:\/\/demo.we-com.info\/avis\/wp-json\/wp\/v2\/pages\/973","targetHints":{"allow":["GET"]}}],"collection":[{"href":"https:\/\/demo.we-com.info\/avis\/wp-json\/wp\/v2\/pages"}],"about":[{"href":"https:\/\/demo.we-com.info\/avis\/wp-json\/wp\/v2\/types\/page"}],"author":[{"embeddable":true,"href":"https:\/\/demo.we-com.info\/avis\/wp-json\/wp\/v2\/users\/2"}],"replies":[{"embeddable":true,"href":"https:\/\/demo.we-com.info\/avis\/wp-json\/wp\/v2\/comments?post=973"}],"version-history":[{"count":37,"href":"https:\/\/demo.we-com.info\/avis\/wp-json\/wp\/v2\/pages\/973\/revisions"}],"predecessor-version":[{"id":4169,"href":"https:\/\/demo.we-com.info\/avis\/wp-json\/wp\/v2\/pages\/973\/revisions\/4169"}],"wp:attachment":[{"href":"https:\/\/demo.we-com.info\/avis\/wp-json\/wp\/v2\/media?parent=973"}],"curies":[{"name":"wp","href":"https:\/\/api.w.org\/{rel}","templated":true}]}}