
{"id":3776,"date":"2026-01-26T16:38:12","date_gmt":"2026-01-26T15:38:12","guid":{"rendered":"https:\/\/demo.we-com.info\/avis\/?page_id=3776"},"modified":"2026-01-29T11:16:16","modified_gmt":"2026-01-29T10:16:16","slug":"donazione-di-piastrine","status":"publish","type":"page","link":"https:\/\/demo.we-com.info\/avis\/donazione-di-piastrine\/","title":{"rendered":"Donazione di piastrine"},"content":{"rendered":"\n<div class=\"wp-block-cover is-light has-parallax\" style=\"min-height:695px;aspect-ratio:unset;\"><div class=\"wp-block-cover__image-background wp-image-4080 size-large has-parallax\" style=\"background-position:50% 50%;background-image:url(https:\/\/demo.we-com.info\/avis\/wp-content\/uploads\/2026\/01\/cover-piastrine-1024x427.jpg)\"><\/div><span aria-hidden=\"true\" class=\"wp-block-cover__background has-background-dim-20 has-background-dim\" style=\"background-color:#212121\"><\/span><div class=\"wp-block-cover__inner-container is-layout-constrained wp-block-cover-is-layout-constrained\">\n<p class=\"has-text-align-center has-accent-color has-text-color has-link-color wp-elements-e3555421bb10f8d1896fce7bc326269f\" style=\"font-size:50px\" data-aos=\"fade-up\"><strong>DONAZIONE DI PIASTRINE<\/strong><\/p>\n<\/div><\/div>\n\n\n\n<div class=\"gb-element-830d3e2d\">\n<div class=\"gb-element-df46c210\">\n<div class=\"gb-element-69616758\"><\/div>\n\n\n\n<div class=\"gb-element-903a8e9c\" data-aos=\"slide-left\">\n<p class=\"has-text-align-left has-large-font-size\"><strong>COSA<\/strong> <strong>SONO LE PIASTRINE<\/strong><\/p>\n\n\n\n<div style=\"height:20px\" aria-hidden=\"true\" class=\"wp-block-spacer\"><\/div>\n\n\n\n<p>Le <strong>piastrine<\/strong> (o trombociti) sono piccoli frammenti cellulari prodotti dal midollo osseo.<br>La loro funzione principale \u00e8 la <strong>coagulazione del sangue<\/strong>:<\/p>\n\n\n\n<ul class=\"wp-block-list\">\n<li>fermano le emorragie<\/li>\n\n\n\n<li>favoriscono la cicatrizzazione delle ferite<\/li>\n<\/ul>\n\n\n\n<p>Una carenza di piastrine pu\u00f2 causare <strong>sanguinamenti anche gravi<\/strong>.<\/p>\n<\/div>\n<\/div>\n<\/div>\n\n\n\n<div class=\"gb-element-37b7f8fa\"><div style=\"--animation-direction: reverse; --animation-speed: 10s; --content-gap: 0px; --overlay-color: transparent; --white-space: nowrap; --animation-name: storepress-marquee-animation-x; --animation-play-state: paused;\" class=\"orientation-x wp-block-storepress-marquee\">\n\t<div class=\"wp-block-storepress-marquee__item\">\n\n<p class=\"has-text-align-center has-base-3-color has-text-color has-link-color has-x-large-font-size wp-elements-d7f3f4576ae4a20fd4aabd8e0607b2f9\"><strong><a href=\"https:\/\/webapp.prenotami.cloud\/\" target=\"_blank\" rel=\"noreferrer noopener\">PRENOTA LA DONAZIONE<\/a><\/strong><\/p>\n\n<\/div>\n\t<!-- Mirrors the content -->\n\t<div class=\"wp-block-storepress-marquee__item mirror\" aria-hidden=\"true\">\n\n<p class=\"has-text-align-center has-base-3-color has-text-color has-link-color has-x-large-font-size wp-elements-d7f3f4576ae4a20fd4aabd8e0607b2f9\"><strong><a href=\"https:\/\/webapp.prenotami.cloud\/\" target=\"_blank\" rel=\"noreferrer noopener\">PRENOTA LA DONAZIONE<\/a><\/strong><\/p>\n\n<\/div>\n<\/div>\n<\/div>\n\n\n\n<div class=\"gb-element-eb62a655\">\n<div class=\"gb-element-f9e602a6\">\n<div class=\"gb-element-e86dc9b5\" data-aos=\"slide-right\">\n<p class=\"has-large-font-size\"><strong>A COSA SERVONO LE PIASTRINE DONATE<\/strong><\/p>\n\n\n\n<p class=\"has-large-font-size\">Le piastrine vengono utilizzate per:<\/p>\n\n\n\n<ul class=\"wp-block-list\">\n<li>pazienti <strong>oncologici<\/strong> (chemioterapia)<\/li>\n\n\n\n<li>trapianti di midollo osseo<\/li>\n\n\n\n<li>interventi chirurgici complessi<\/li>\n\n\n\n<li>emorragie gravi o traumi<\/li>\n\n\n\n<li>malattie ematologiche<\/li>\n<\/ul>\n\n\n\n<p><br>\u26a0\ufe0f Le piastrine <strong>durano solo 5 giorni<\/strong>, quindi c\u2019\u00e8 <strong>sempre bisogno di donatori<\/strong>.<\/p>\n<\/div>\n\n\n\n<div class=\"gb-element-3fee040a\"><\/div>\n<\/div>\n<\/div>\n\n\n\n<div class=\"gb-element-b37ee66a\">\n<div class=\"gb-element-c93d5584\"><\/div>\n\n\n\n<div class=\"gb-element-f48cf3bd\">\n<div class=\"gb-element-c0afbc15\">\n<p class=\"has-contrast-color has-text-color has-link-color wp-elements-c466d089d8f0fe587cbf6cbcefb144ae\"><strong>Cosa devi sapere<\/strong><\/p>\n\n\n\n<p class=\"has-contrast-color has-text-color has-link-color has-large-font-size wp-elements-0dc59864654c0a0cdb6dfb09500c2fb0\"><strong><strong>Come avviene la donazione (piastrinoaferesi)<\/strong><\/strong><\/p>\n\n\n\n<div style=\"height:20px\" aria-hidden=\"true\" class=\"wp-block-spacer\"><\/div>\n\n\n\n<p>La donazione di piastrine si effettua tramite <strong>aferesi<\/strong>:<\/p>\n\n\n\n<ul class=\"wp-block-list\">\n<li>Il resto del sangue viene restituito al donatore<\/li>\n\n\n\n<li>Il sangue viene prelevato da un braccio<\/li>\n\n\n\n<li>Una macchina separa le piastrine<\/li>\n<\/ul>\n<\/div>\n\n\n\n<div class=\"gb-element-d0fc9246\">\n<p class=\"has-contrast-color has-text-color has-link-color wp-elements-c466d089d8f0fe587cbf6cbcefb144ae\"><strong>Cosa devi sapere<\/strong><\/p>\n\n\n\n<p class=\"has-contrast-color has-text-color has-link-color has-medium-font-size wp-elements-5a98d7cc5e4a2fafac4f4c594225708b\"><strong>DONAZIONE DI PLASMA<\/strong><\/p>\n\n\n\n<div style=\"height:20px\" aria-hidden=\"true\" class=\"wp-block-spacer\"><\/div>\n\n\n\n<p class=\"has-contrast-color has-text-color has-link-color wp-elements-d2a8aa2c0d7bec0c77e94da439a442d3\">Durata della donazione<\/p>\n\n\n\n<p class=\"has-contrast-color has-text-color has-link-color has-large-font-size wp-elements-cef65835fdc7ba8bf0c351cd3413b523\"><strong>60\/90 min.<\/strong><\/p>\n\n\n\n<p class=\"has-contrast-color has-text-color has-link-color wp-elements-fbef511a1e0d1e63fc7fc97547a31adc\">Volume del prelievo<\/p>\n\n\n\n<p class=\"has-contrast-color has-text-color has-link-color has-medium-font-size wp-elements-1a31d66c0ec59dd8734a3c3f4aaf806c\"><strong>Solo le piastrine necessarie alla trasfuzione<\/strong><\/p>\n<\/div>\n<\/div>\n<\/div>\n\n\n\n<div class=\"gb-element-2421c11d\">\n<div class=\"gb-element-544b4fc0\">\n<p class=\"has-large-font-size\" data-aos=\"flip-up\"><strong>CARTA D\u2019IDENTITA\u2019 DEL DONATORE<\/strong><\/p>\n\n\n\n<p class=\"has-medium-font-size\" data-aos=\"flip-up\">Per donare sangue bisogna avere almeno 18 anni, pesare pi\u00f9 di 50 Kg. ed essere in buone condizioni di salute.<br>Per le donazioni di sangue intero occorre non avere superato i 65 anni di et\u00e0; per le donazioni di plasma e piastrine il limite di anni \u00e8 lo stesso.<\/p>\n\n\n\n<p class=\"has-medium-font-size\"><br>\ud83d\udc49 Non tutti i donatori di sangue sono automaticamente idonei: serve una <strong>valutazione specifica<\/strong>.<\/p>\n\n\n\n<div class=\"gb-element-99e9ad80\">\n<div class=\"gb-element-f79f2788\">\n<p class=\"has-large-font-size\" style=\"text-decoration:underline\"><strong>18-65<\/strong><\/p>\n\n\n\n<p class=\"has-small-font-size\">Et\u00e0 compresa tra 18 e 60 anni<\/p>\n<\/div>\n\n\n\n<div class=\"gb-element-7d4ae7fd\">\n<p class=\"has-large-font-size\" style=\"text-decoration:underline\"><strong>+50Kg<\/strong><\/p>\n\n\n\n<p class=\"has-small-font-size\">Peso corporeo superiore ai 50Kg<\/p>\n<\/div>\n\n\n\n<div class=\"gb-element-53c6298a\">\n<p class=\"gb-text-23b549f3\"><span class=\"gb-shape\"><svg fill=\"#000000\" version=\"1.1\" id=\"Capa_1\" xmlns=\"http:\/\/www.w3.org\/2000\/svg\" xmlns:xlink=\"http:\/\/www.w3.org\/1999\/xlink\" viewBox=\"0 0 176.483 176.483\" xml:space=\"preserve\"><g id=\"SVGRepo_bgCarrier\" stroke-width=\"0\"><\/g><g id=\"SVGRepo_tracerCarrier\" stroke-linecap=\"round\" stroke-linejoin=\"round\"><\/g><g id=\"SVGRepo_iconCarrier\"> <g> <g> <path d=\"M51.131,18.285C49.987,5.526,34.285,9.28,31.761,16.55c-2.518-7.27-18.217-11.024-19.36,1.735 c-1.472,16.423,19.36,26.046,19.36,26.046S52.594,34.708,51.131,18.285z\"><\/path> <path d=\"M164.062,10.811c-1.472-16.42-21.681-11.597-24.926-2.24c-3.245-9.356-23.448-14.18-24.92,2.24 c-1.892,21.137,24.92,33.521,24.92,33.521S165.948,31.948,164.062,10.811z\"><\/path> <path d=\"M85.449,74.405c-17.933,0-53.682-25.667-53.682-25.667c-0.319,20.123,37.897,56.291,37.897,56.291 s-23.049,42.321-22.736,71.455c0,0,27.16-48.396,38.521-48.717c11.36-0.318,38.521,48.717,38.521,48.717 c0.313-29.287-22.732-71.455-22.732-71.455s38.526-38.831,37.888-56.291C139.125,48.737,103.382,74.405,85.449,74.405z\"><\/path> <circle cx=\"85.449\" cy=\"53.408\" r=\"14.684\"><\/circle> <\/g> <\/g> <\/g><\/svg><\/span><\/p>\n\n\n\n<p class=\"has-small-font-size\">Stile di vita sano ed equilibrato<\/p>\n<\/div>\n<\/div>\n<\/div>\n\n\n\n<div class=\"gb-element-d7791ed4\">\n<figure class=\"wp-block-image size-full\" data-aos=\"flip-up\"><img loading=\"lazy\" decoding=\"async\" width=\"938\" height=\"708\" src=\"https:\/\/demo.we-com.info\/avis\/wp-content\/uploads\/2025\/12\/Donatore-2.jpg\" alt=\"\" class=\"wp-image-2629\" srcset=\"https:\/\/demo.we-com.info\/avis\/wp-content\/uploads\/2025\/12\/Donatore-2.jpg 938w, https:\/\/demo.we-com.info\/avis\/wp-content\/uploads\/2025\/12\/Donatore-2-300x226.jpg 300w, https:\/\/demo.we-com.info\/avis\/wp-content\/uploads\/2025\/12\/Donatore-2-768x580.jpg 768w, https:\/\/demo.we-com.info\/avis\/wp-content\/uploads\/2025\/12\/Donatore-2-100x75.jpg 100w\" sizes=\"auto, (max-width: 938px) 100vw, 938px\" \/><\/figure>\n<\/div>\n<\/div>\n\n\n\n<div class=\"gb-element-1b0e350f\">\n<h2 class=\"wp-block-heading has-text-align-center has-large-font-size\"><strong>COME SI DIVENTA DONATORI<\/strong><\/h2>\n\n\n\n<p class=\"has-text-align-center has-large-font-size\"><strong>La donazione<\/strong><br>Scopri quando puoi donare, perch\u00e9 \u00e8 sicuro e quanto \u00e8 importante il tuo aiuto.<\/p>\n<\/div>\n\n\n\n<div class=\"gb-element-86e6d787\">\n<div class=\"gb-element-be3175f8\">\n<h2 class=\"wp-block-heading has-text-align-left has-contrast-color has-text-color has-link-color has-x-large-font-size wp-elements-bf0e651e860c90388bd1189ed5d9f9b7\" data-aos=\"flip-up\">Ogni quanto si pu\u00f2 donare<\/h2>\n\n\n\n<p>Fino a <strong>6 donazioni all\u2019anno<\/strong> (in Italia)<\/p>\n\n\n\n<p>Intervallo minimo tra due donazioni<\/p>\n\n\n\n<p>Si pu\u00f2 donare anche <strong>tra una donazione di sangue intero e l\u2019altra<\/strong><\/p>\n\n\n\n<p>Il corpo reintegra le piastrine rapidamente.<\/p>\n<\/div>\n\n\n\n<div class=\"gb-element-c506a97e\">\n<h2 class=\"wp-block-heading has-text-align-left has-contrast-color has-text-color has-link-color has-x-large-font-size wp-elements-838a8d522d28a8e3e9ea91fc7fd8c9af\" data-aos=\"flip-up\">\u00c8 sicura?<\/h2>\n\n\n\n<p>S\u00ec, \u00e8 una procedura <strong>molto sicura<\/strong>:<\/p>\n\n\n\n<ul class=\"wp-block-list\">\n<li>materiale sterile e monouso<\/li>\n\n\n\n<li>controlli medici costanti<\/li>\n\n\n\n<li>effetti collaterali rari e lievi<br>(possibile formicolio per il calcio, facilmente gestibile)<\/li>\n<\/ul>\n<\/div>\n\n\n\n<div class=\"gb-element-51dbaf59\">\n<h2 class=\"wp-block-heading has-text-align-left has-contrast-color has-text-color has-link-color has-x-large-font-size wp-elements-e7671f0d08dcfb3a9c29351ffa8fb0fe\" data-aos=\"flip-up\">Perch\u00e8 una donazione \u00e8 importante<\/h2>\n\n\n\n<ul class=\"wp-block-list\">\n<li>Una singola donazione pu\u00f2 aiutare <strong>un solo paziente<\/strong>, spesso in condizioni critiche<\/li>\n\n\n\n<li>Le piastrine non si conservano a lungo<\/li>\n\n\n\n<li>Servono <strong>donatori costanti e affidabili<\/strong><\/li>\n<\/ul>\n\n\n\n<p>\u2764\ufe0f \u00c8 una donazione di grande valore umano.<\/p>\n<\/div>\n<\/div>\n","protected":false},"excerpt":{"rendered":"<p>COSA SONO LE PIASTRINE Le piastrine (o trombociti) sono piccoli frammenti cellulari prodotti dal midollo osseo.La loro funzione principale \u00e8 la coagulazione del sangue: Una carenza di piastrine pu\u00f2 causare &#8230; <a title=\"Donazione di piastrine\" class=\"read-more\" href=\"https:\/\/demo.we-com.info\/avis\/donazione-di-piastrine\/\" aria-label=\"Per saperne di pi\u00f9 su Donazione di piastrine\">Leggi tutto<\/a><\/p>\n","protected":false},"author":2,"featured_media":0,"parent":0,"menu_order":0,"comment_status":"closed","ping_status":"closed","template":"","meta":{"_acf_changed":false,"footnotes":""},"class_list":["post-3776","page","type-page","status-publish"],"acf":[],"_links":{"self":[{"href":"https:\/\/demo.we-com.info\/avis\/wp-json\/wp\/v2\/pages\/3776","targetHints":{"allow":["GET"]}}],"collection":[{"href":"https:\/\/demo.we-com.info\/avis\/wp-json\/wp\/v2\/pages"}],"about":[{"href":"https:\/\/demo.we-com.info\/avis\/wp-json\/wp\/v2\/types\/page"}],"author":[{"embeddable":true,"href":"https:\/\/demo.we-com.info\/avis\/wp-json\/wp\/v2\/users\/2"}],"replies":[{"embeddable":true,"href":"https:\/\/demo.we-com.info\/avis\/wp-json\/wp\/v2\/comments?post=3776"}],"version-history":[{"count":25,"href":"https:\/\/demo.we-com.info\/avis\/wp-json\/wp\/v2\/pages\/3776\/revisions"}],"predecessor-version":[{"id":4106,"href":"https:\/\/demo.we-com.info\/avis\/wp-json\/wp\/v2\/pages\/3776\/revisions\/4106"}],"wp:attachment":[{"href":"https:\/\/demo.we-com.info\/avis\/wp-json\/wp\/v2\/media?parent=3776"}],"curies":[{"name":"wp","href":"https:\/\/api.w.org\/{rel}","templated":true}]}}