
{"id":3665,"date":"2026-01-26T14:20:12","date_gmt":"2026-01-26T13:20:12","guid":{"rendered":"https:\/\/demo.we-com.info\/avis\/?page_id=3665"},"modified":"2026-02-09T14:22:37","modified_gmt":"2026-02-09T13:22:37","slug":"donazione-di-plasma","status":"publish","type":"page","link":"https:\/\/demo.we-com.info\/avis\/donazione-di-plasma\/","title":{"rendered":"Donazione di plasma"},"content":{"rendered":"\n<div class=\"wp-block-cover is-light has-parallax\" style=\"min-height:695px;aspect-ratio:unset;\"><div class=\"wp-block-cover__image-background wp-image-4045 size-large has-parallax\" style=\"background-position:50% 50%;background-image:url(https:\/\/demo.we-com.info\/avis\/wp-content\/uploads\/2026\/01\/Plasma-2-1024x683.jpg)\"><\/div><span aria-hidden=\"true\" class=\"wp-block-cover__background has-background-dim-20 has-background-dim\" style=\"background-color:#212121\"><\/span><div class=\"wp-block-cover__inner-container is-layout-constrained wp-block-cover-is-layout-constrained\">\n<p class=\"has-text-align-center has-accent-color has-text-color has-link-color wp-elements-fa162241baa66b28bc50fb53e31785a3\" style=\"font-size:50px\" data-aos=\"fade-up\"><strong>DONAZIONE DI PLASMA<\/strong><\/p>\n<\/div><\/div>\n\n\n\n<div class=\"gb-element-830d3e2d\">\n<div class=\"gb-element-df46c210\">\n<div class=\"gb-element-69616758\"><\/div>\n\n\n\n<div class=\"gb-element-903a8e9c\" data-aos=\"slide-left\">\n<p class=\"has-text-align-left has-large-font-size\"><strong>COS&#8217;\u00c8<\/strong> <strong>IL PLASMA<\/strong><\/p>\n\n\n\n<div style=\"height:20px\" aria-hidden=\"true\" class=\"wp-block-spacer\"><\/div>\n\n\n\n<p><br>Il Plasma \u00e8 la parte liquida del sangue di colore giallo. E\u2019 costituita prevalentemente da acqua, nella quale sono trasportate molte sostanze quali proteine, zuccheri, grassi, Sali minerali, ormoni, vitamine, anticorpi e fattori della coagulazione. Da questo prezioso elemento \u00e8 possibile ottenere dei veri e propri farmaci: fattori per la cura dell\u2019emofilia, le immunoglobuline (come quelle anti tetano) e l\u2019albumina, impiegata in alcune patologie del fegato e dei reni.<\/p>\n\n\n\n<p><br>Serve a:<\/p>\n\n\n\n<ul class=\"wp-block-list\">\n<li>trasportare sostanze nel corpo<\/li>\n\n\n\n<li>difendere l\u2019organismo dalle infezioni<\/li>\n\n\n\n<li>permettere la coagulazione del sangue<\/li>\n<\/ul>\n<\/div>\n<\/div>\n<\/div>\n\n\n\n<div class=\"gb-element-37b7f8fa\"><div style=\"--animation-direction: reverse; --animation-speed: 10s; --content-gap: 0px; --overlay-color: transparent; --white-space: nowrap; --animation-name: storepress-marquee-animation-x; --animation-play-state: paused;\" class=\"orientation-x wp-block-storepress-marquee\">\n\t<div class=\"wp-block-storepress-marquee__item\">\n\n<p class=\"has-text-align-center has-base-3-color has-text-color has-link-color has-x-large-font-size wp-elements-d7f3f4576ae4a20fd4aabd8e0607b2f9\"><strong><a href=\"https:\/\/webapp.prenotami.cloud\/\" target=\"_blank\" rel=\"noreferrer noopener\">PRENOTA LA DONAZIONE<\/a><\/strong><\/p>\n\n<\/div>\n\t<!-- Mirrors the content -->\n\t<div class=\"wp-block-storepress-marquee__item mirror\" aria-hidden=\"true\">\n\n<p class=\"has-text-align-center has-base-3-color has-text-color has-link-color has-x-large-font-size wp-elements-d7f3f4576ae4a20fd4aabd8e0607b2f9\"><strong><a href=\"https:\/\/webapp.prenotami.cloud\/\" target=\"_blank\" rel=\"noreferrer noopener\">PRENOTA LA DONAZIONE<\/a><\/strong><\/p>\n\n<\/div>\n<\/div>\n<\/div>\n\n\n\n<div class=\"gb-element-eb62a655\">\n<div class=\"gb-element-f9e602a6\">\n<div class=\"gb-element-e86dc9b5\" data-aos=\"slide-right\">\n<p class=\"has-large-font-size\"><strong>A COSA SERVE IL PLASMA<\/strong> <strong>DONATO<\/strong><\/p>\n\n\n\n<p class=\"has-large-font-size\">Il plasma viene utilizzato per:<\/p>\n\n\n\n<ul class=\"wp-block-list\">\n<li>produrre <strong>farmaci plasmaderivati<\/strong> (immunoglobuline, albumina, fattori della coagulazione)<\/li>\n\n\n\n<li>curare persone con <strong>immunodeficienze<\/strong>, <strong>emofilia<\/strong>, gravi ustioni, malattie epatiche<\/li>\n\n\n\n<li>supportare pazienti in terapia intensiva<\/li>\n<\/ul>\n\n\n\n<p>\u26a0\ufe0f Molti di questi farmaci <strong>non sono sintetizzabili in laboratorio<\/strong>: senza donatori, non esistono.<\/p>\n<\/div>\n\n\n\n<div class=\"gb-element-3fee040a\"><\/div>\n<\/div>\n<\/div>\n\n\n\n<div class=\"gb-element-b37ee66a\">\n<div class=\"gb-element-c93d5584\"><\/div>\n\n\n\n<div class=\"gb-element-f48cf3bd\">\n<div class=\"gb-element-c0afbc15\">\n<p class=\"has-contrast-color has-text-color has-link-color wp-elements-c466d089d8f0fe587cbf6cbcefb144ae\"><strong>Cosa devi sapere<\/strong><\/p>\n\n\n\n<p class=\"has-contrast-color has-text-color has-link-color has-large-font-size wp-elements-0a08f21eb7d3ab4e56df487caa94a3da\"><strong><strong>Come avviene la donazione (plasmaferesi)<\/strong><\/strong><\/p>\n\n\n\n<div style=\"height:20px\" aria-hidden=\"true\" class=\"wp-block-spacer\"><\/div>\n\n\n\n<p><br>La donazione di plasma si chiama <strong>plasmaferesi<\/strong>: Si esegue con apparecchiature che prelevano il sangue e trattengono le componenti di cui si ha necessit\u00e0, restituendo al donatore tutti gli altri elementi tramite un unico accesso venoso.<\/p>\n<\/div>\n\n\n\n<div class=\"gb-element-d0fc9246\">\n<p class=\"has-contrast-color has-text-color has-link-color wp-elements-c466d089d8f0fe587cbf6cbcefb144ae\"><strong>Cosa devi sapere<\/strong><\/p>\n\n\n\n<p class=\"has-contrast-color has-text-color has-link-color has-medium-font-size wp-elements-5a98d7cc5e4a2fafac4f4c594225708b\"><strong>DONAZIONE DI PLASMA<\/strong><\/p>\n\n\n\n<div style=\"height:20px\" aria-hidden=\"true\" class=\"wp-block-spacer\"><\/div>\n\n\n\n<p class=\"has-contrast-color has-text-color has-link-color wp-elements-d2a8aa2c0d7bec0c77e94da439a442d3\">Durata della donazione<\/p>\n\n\n\n<p class=\"has-contrast-color has-text-color has-link-color has-large-font-size wp-elements-a5f6e4ce7e60c3a2532e0ef8dbfcd2a8\"><strong>40\/60 min.<\/strong><\/p>\n\n\n\n<p class=\"has-contrast-color has-text-color has-link-color wp-elements-fbef511a1e0d1e63fc7fc97547a31adc\">Volume del prelievo<\/p>\n\n\n\n<p class=\"has-contrast-color has-text-color has-link-color has-large-font-size wp-elements-19aae079d94ad6eca6e30243a22d9765\"><strong>700 ml. di plasma<\/strong><\/p>\n<\/div>\n<\/div>\n<\/div>\n\n\n\n<div class=\"gb-element-6ae28104\">\n<div class=\"gb-element-79c56876\">\n<div>\n<p class=\"has-large-font-size\" data-aos=\"flip-up\"><strong>CARTA D\u2019IDENTITA\u2019 DEL DONATORE<\/strong><\/p>\n\n\n\n<p data-aos=\"flip-up\">Per donare sangue bisogna avere almeno 18 anni, pesare pi\u00f9 di 50 Kg. ed essere in buone condizioni di salute.<br>Per le donazioni di sangue intero occorre non avere superato i 65 anni di et\u00e0; per le donazioni di plasma e piastrine il limite di anni \u00e8 lo stesso.<\/p>\n<\/div>\n\n\n\n<div class=\"gb-element-90295dfe\">\n<div class=\"gb-element-6607669e\">\n<p class=\"has-large-font-size\" style=\"text-decoration:underline\"><strong>18-65<\/strong><\/p>\n\n\n\n<p class=\"has-small-font-size\">Et\u00e0 compresa tra 18 e 60 anni<\/p>\n<\/div>\n\n\n\n<div class=\"gb-element-19152958\">\n<p class=\"has-large-font-size\" style=\"text-decoration:underline\"><strong>+50Kg<\/strong><\/p>\n\n\n\n<p class=\"has-small-font-size\">Peso corporeo superiore ai 50Kg<\/p>\n<\/div>\n\n\n\n<div class=\"gb-element-7fb6ead8\">\n<p class=\"gb-text-f186054b\"><span class=\"gb-shape\"><svg fill=\"#000000\" version=\"1.1\" id=\"Capa_1\" xmlns=\"http:\/\/www.w3.org\/2000\/svg\" xmlns:xlink=\"http:\/\/www.w3.org\/1999\/xlink\" viewBox=\"0 0 176.483 176.483\" xml:space=\"preserve\"><g id=\"SVGRepo_bgCarrier\" stroke-width=\"0\"><\/g><g id=\"SVGRepo_tracerCarrier\" stroke-linecap=\"round\" stroke-linejoin=\"round\"><\/g><g id=\"SVGRepo_iconCarrier\"> <g> <g> <path d=\"M51.131,18.285C49.987,5.526,34.285,9.28,31.761,16.55c-2.518-7.27-18.217-11.024-19.36,1.735 c-1.472,16.423,19.36,26.046,19.36,26.046S52.594,34.708,51.131,18.285z\"><\/path> <path d=\"M164.062,10.811c-1.472-16.42-21.681-11.597-24.926-2.24c-3.245-9.356-23.448-14.18-24.92,2.24 c-1.892,21.137,24.92,33.521,24.92,33.521S165.948,31.948,164.062,10.811z\"><\/path> <path d=\"M85.449,74.405c-17.933,0-53.682-25.667-53.682-25.667c-0.319,20.123,37.897,56.291,37.897,56.291 s-23.049,42.321-22.736,71.455c0,0,27.16-48.396,38.521-48.717c11.36-0.318,38.521,48.717,38.521,48.717 c0.313-29.287-22.732-71.455-22.732-71.455s38.526-38.831,37.888-56.291C139.125,48.737,103.382,74.405,85.449,74.405z\"><\/path> <circle cx=\"85.449\" cy=\"53.408\" r=\"14.684\"><\/circle> <\/g> <\/g> <\/g><\/svg><\/span><\/p>\n\n\n\n<p class=\"has-small-font-size\">Stile di vita sano ed equilibrato<\/p>\n<\/div>\n<\/div>\n<\/div>\n\n\n\n<div class=\"gb-element-6ad843db\"><\/div>\n<\/div>\n\n\n\n<div class=\"gb-element-1b0e350f\">\n<h2 class=\"wp-block-heading has-text-align-center has-large-font-size\"><strong>COME SI DIVENTA DONATORI<\/strong><\/h2>\n\n\n\n<p class=\"has-text-align-center has-large-font-size\"><strong>La donazione<\/strong><br>Scopri quando puoi donare, perch\u00e9 \u00e8 sicuro e quanto \u00e8 importante il tuo aiuto.<\/p>\n<\/div>\n\n\n\n<div class=\"gb-element-86e6d787\">\n<div class=\"gb-element-be3175f8\">\n<h2 class=\"wp-block-heading has-text-align-left has-contrast-color has-text-color has-link-color has-x-large-font-size wp-elements-bf0e651e860c90388bd1189ed5d9f9b7\" data-aos=\"flip-up\">Ogni quanto si pu\u00f2 donare<\/h2>\n\n\n\n<p>Fino a <strong>2 volte al mese<\/strong><\/p>\n\n\n\n<p><br><strong>L\u2019intervallo minimo tra due donazioni di plasma o di piastrine o tra una plasmaferesi e una donazione di sangue intero o di piastrine \u00e8 di 14 giorni.&nbsp;<\/strong><\/p>\n\n\n\n<p><br>Il plasma si rigenera velocemente, pi\u00f9 del sangue intero.<\/p>\n<\/div>\n\n\n\n<div class=\"gb-element-c506a97e\">\n<h2 class=\"wp-block-heading has-text-align-left has-contrast-color has-text-color has-link-color has-x-large-font-size wp-elements-561b4095c51ed7ade34c5c2043b1fa6e\" data-aos=\"flip-up\">\u00c8 sicuro?<\/h2>\n\n\n\n<p>S\u00ec.<\/p>\n\n\n\n<ul class=\"wp-block-list\">\n<li>Materiale sterile e monouso<\/li>\n\n\n\n<li>Personale sanitario qualificato<\/li>\n\n\n\n<li>Controlli continui<\/li>\n<\/ul>\n\n\n\n<p>Gli effetti collaterali sono rari e lievi (stanchezza, leggero abbassamento della pressione).<\/p>\n<\/div>\n\n\n\n<div class=\"gb-element-51dbaf59\">\n<h2 class=\"wp-block-heading has-text-align-left has-contrast-color has-text-color has-link-color has-x-large-font-size wp-elements-b9440f525283ee9f696ff06ac85f100c\" data-aos=\"flip-up\">Perch\u00e8 \u00e8 importante<\/h2>\n\n\n\n<ul class=\"wp-block-list\">\n<li>L\u2019Italia <strong>non \u00e8 autosufficiente<\/strong> per il plasma<\/li>\n\n\n\n<li>La richiesta di farmaci plasmaderivati \u00e8 in costante aumento<\/li>\n\n\n\n<li>Una sola donazione pu\u00f2 aiutare <strong>molti pazienti<\/strong><\/li>\n<\/ul>\n<\/div>\n<\/div>\n\n\n\n<div class=\"gb-element-082b0736\">\n<div class=\"gb-element-bd43485f\">\n<div class=\"gb-element-536643b8\">\n<p class=\"has-contrast-color has-text-color has-link-color wp-elements-0c0625786b38ceedca4300feeb3b768e\"><strong>Ogni quanto si dona?<\/strong><\/p>\n\n\n\n<p class=\"has-contrast-color has-text-color has-link-color has-large-font-size wp-elements-171b0f3d51c36ea1dcfe939a45a06499\"><strong><strong>Frequenza delle donazioni<\/strong><\/strong><\/p>\n\n\n\n<p>Donazioni di sangue intero ed emocomponenti<\/p>\n\n\n\n<p>Intervallo minimo fra una donazione e l&#8217;altra<\/p>\n\n\n\n<div style=\"height:20px\" aria-hidden=\"true\" class=\"wp-block-spacer\"><\/div>\n\n\n\n<p>NUMERO MASSIMO DI <strong>DONAZIONI DI SANGUE<\/strong> IN UN ANNO<\/p>\n\n\n\n<p><strong>Uomini e donne<\/strong><\/p>\n\n\n\n<p>4\/anno max<\/p>\n\n\n\n<p><strong>Donne in et\u00e0 fertile<\/strong><\/p>\n\n\n\n<p>2\/anno max<\/p>\n\n\n\n<div style=\"height:20px\" aria-hidden=\"true\" class=\"wp-block-spacer\"><\/div>\n<\/div>\n\n\n\n<div class=\"gb-element-42885577\">\n<p class=\"has-contrast-color has-text-color has-link-color wp-elements-444b8dda5e7db994a35e29924fc26a81\"><strong>Donazione precedente | Donazione successiva<\/strong><\/p>\n\n\n\n<div class=\"gb-element-1d9704b9\">\n<p class=\"has-contrast-color has-text-color has-link-color has-medium-font-size wp-elements-47c02fa6c13939d397371a93f6e83197\"><strong><strong>Sangue | Sangue<\/strong><\/strong><\/p>\n\n\n\n<p>90 giorni min.<\/p>\n<\/div>\n\n\n\n<div class=\"gb-element-ff7e03a8\">\n<p class=\"has-contrast-color has-text-color has-link-color has-medium-font-size wp-elements-4c4ee49ef906bb1e8cd8efeb4ded97f5\"><strong><strong>Sangue | Plasma<\/strong><\/strong><\/p>\n\n\n\n<p>30 giorni min.<\/p>\n<\/div>\n\n\n\n<div class=\"gb-element-4a95b3e0\">\n<p class=\"has-contrast-color has-text-color has-link-color has-medium-font-size wp-elements-564e73f4c14bfbdf1c118e8744060234\"><strong><strong>Sangue | Piastrine<\/strong><\/strong><\/p>\n\n\n\n<p>30 giorni min.<\/p>\n<\/div>\n\n\n\n<div style=\"height:20px\" aria-hidden=\"true\" class=\"wp-block-spacer\"><\/div>\n<\/div>\n\n\n\n<div class=\"gb-element-b0568012\">\n<p class=\"has-contrast-color has-text-color has-link-color wp-elements-16d80c61442044c6fb520856ca1bdf37\"><strong><strong>Donazione precedente | Donazione successiva<\/strong><\/strong><\/p>\n\n\n\n<div class=\"gb-element-32bd0ac6\">\n<p class=\"has-contrast-color has-text-color has-link-color has-medium-font-size wp-elements-55a46d56cced7828352771ad1ad5e690\"><strong><strong>Plasma | Sangue<\/strong><\/strong><\/p>\n\n\n\n<p>14 giorni min.<\/p>\n<\/div>\n\n\n\n<div class=\"gb-element-3b889853\">\n<p class=\"has-contrast-color has-text-color has-link-color has-medium-font-size wp-elements-24db7b698420b4a5531d99217f9ffd12\"><strong><strong>Plasma | Plasma<\/strong><\/strong><\/p>\n\n\n\n<p>14 giorni min.<\/p>\n<\/div>\n\n\n\n<div class=\"gb-element-8983b96d\">\n<p class=\"has-contrast-color has-text-color has-link-color has-medium-font-size wp-elements-9482f329a2ba887bce78d2233a182c32\"><strong><strong>Piastrine | Piastrine<\/strong><\/strong><\/p>\n\n\n\n<p>14 giorni min.<\/p>\n<\/div>\n<\/div>\n<\/div>\n<\/div>\n","protected":false},"excerpt":{"rendered":"<p>COS&#8217;\u00c8 IL PLASMA Il Plasma \u00e8 la parte liquida del sangue di colore giallo. E\u2019 costituita prevalentemente da acqua, nella quale sono trasportate molte sostanze quali proteine, zuccheri, grassi, Sali &#8230; <a title=\"Donazione di plasma\" class=\"read-more\" href=\"https:\/\/demo.we-com.info\/avis\/donazione-di-plasma\/\" aria-label=\"Per saperne di pi\u00f9 su Donazione di plasma\">Leggi tutto<\/a><\/p>\n","protected":false},"author":2,"featured_media":0,"parent":0,"menu_order":0,"comment_status":"closed","ping_status":"closed","template":"","meta":{"_acf_changed":false,"footnotes":""},"class_list":["post-3665","page","type-page","status-publish"],"acf":[],"_links":{"self":[{"href":"https:\/\/demo.we-com.info\/avis\/wp-json\/wp\/v2\/pages\/3665","targetHints":{"allow":["GET"]}}],"collection":[{"href":"https:\/\/demo.we-com.info\/avis\/wp-json\/wp\/v2\/pages"}],"about":[{"href":"https:\/\/demo.we-com.info\/avis\/wp-json\/wp\/v2\/types\/page"}],"author":[{"embeddable":true,"href":"https:\/\/demo.we-com.info\/avis\/wp-json\/wp\/v2\/users\/2"}],"replies":[{"embeddable":true,"href":"https:\/\/demo.we-com.info\/avis\/wp-json\/wp\/v2\/comments?post=3665"}],"version-history":[{"count":94,"href":"https:\/\/demo.we-com.info\/avis\/wp-json\/wp\/v2\/pages\/3665\/revisions"}],"predecessor-version":[{"id":5172,"href":"https:\/\/demo.we-com.info\/avis\/wp-json\/wp\/v2\/pages\/3665\/revisions\/5172"}],"wp:attachment":[{"href":"https:\/\/demo.we-com.info\/avis\/wp-json\/wp\/v2\/media?parent=3665"}],"curies":[{"name":"wp","href":"https:\/\/api.w.org\/{rel}","templated":true}]}}