
{"id":3,"date":"2025-10-10T10:44:51","date_gmt":"2025-10-10T08:44:51","guid":{"rendered":"https:\/\/demo.we-com.info\/avis\/?page_id=3"},"modified":"2025-11-04T12:25:24","modified_gmt":"2025-11-04T11:25:24","slug":"privacy-policy","status":"publish","type":"page","link":"https:\/\/demo.we-com.info\/avis\/privacy-policy\/","title":{"rendered":"Privacy policy"},"content":{"rendered":"\n<p>Informativa Privacy per i visitatori del sito www.avisprovincialeviterbo.itIn questa pagina si descrivono le modalit\u00e0 di gestione del sito in riferimento al trattamento dei dati personali degli utenti che lo consultano.Si tratta di un\u2019informativa che \u00e8 resa anche ai sensi dell\u2019Articolo 13 del D.Lgs. n. 196\/2003 \u201cCodice in materia di protezione dei dati personali\u201da coloro che interagiscono con i servizi web dell\u2019AVIS Associazione Volontari Italiani del Sangue -Avis Provinciale di Viterbo, accessibili per via telematica all\u2019indirizzo <a href=\"htpps:\/\/www.avisprovincialeviterbo.it\">www.avisprovincialeviterbo.it<\/a> (corrispondente alla home-pagedel portale in oggetto).<\/p>\n\n\n\n<p>L\u2019informativa \u00e8 resa solo per il sito dell\u2019AVIS Associazione Volontari Italiani del Sangue -Avis Provinciale di Viterboe non anche per altri siti web eventualmente consultati dall\u2019utente tramite link.L\u2019informativa si ispira anche alla Raccomandazione n. 2\/2001 che le autorit\u00e0 europee per la protezione dei dati personali, riunite nel Gruppo istituito dall\u2019Articolo 29 della direttiva n. 95\/46\/CE, hanno adottato il 17 maggio 2001 per individuare alcuni requisiti minimi per la raccolta di dati personali on-line, e, in particolare, le modalit\u00e0, i tempi e la natura delle informazioni che i Titolari del trattamento devono fornire agli utenti quando questi si collegano a pagine web, indipendentemente dagli scopi del collegamento.Gli utenti dovranno leggere attentamente la presente Privacy Policy prima di inoltrare qualsiasi tipo di informazione personale.<\/p>\n\n\n\n<p><strong>1 -IL TITOLARE DEL TRATTAMENTO DEI DATI <\/strong><\/p>\n\n\n\n<p>A seguito della consultazione di questo sito possono essere trattati dati relativi a persone identificate o identificabili.Il Titolare del trattamento dei dati personali \u00e8 l\u2019AVIS Associazione Volontari Italiani del Sangue -Avis Provinciale di ViterboAlla data odierna, il Presidente pro tempore \u00e8 il Responsabile della Sicurezza per il trattamento dei dati personali ed \u00e8 reperibile, congiuntamente all\u2019 elenco aggiornato dei Responsabili e degli Amministratori di sistema, presso l\u2019AVIS Associazione Volontari Italiani del Sangue -Avis Provinciale Viterbo in Viale Trento, 32 -01100, Viterbo tel. 0761\/1711080.<\/p>\n\n\n\n<p><strong>2 -LUOGO DI TRATTAMENTO DEI DATI<\/strong><\/p>\n\n\n\n<p>I trattamenti connessi ai servizi web di questo sito hanno luogo presso la sede del provider, fornitore del servizio, e sono curati solo da personale dell\u2019Ufficio Incaricato del trattamento, oppure da incaricati per operazioni di manutenzione.Nessun dato derivante dal servizio web viene comunicato o diffuso.<\/p>\n\n\n\n<p><strong>3 -FINALITA\u2019 DEL TRATTAMENTO DEI DATI<\/strong><\/p>\n\n\n\n<p>I dati personali forniti dagli utenti che accedono al sito inviando direttamente una e-mail al Titolare del trattamento, saranno utilizzati al solo fine di eseguire il servizio richiesto e non saranno comunicati n\u00e9 diffusi a soggetti terzi, salvo che la comunicazione sia imposta da obblighi di legge o sia strettamente necessaria per ottemperare all\u2019adempimento delle richieste dell\u2019utente.<\/p>\n\n\n\n<p>L\u2019invio facoltativo, esplicito e volontario di posta elettronica agli indirizzi indicati del sito web dell\u2019AVIS Associazione Volontari Italiani del Sangue -Avis Provinciale di Viterbo, per sua stessa natura, comporta la successiva acquisizione dell\u2019indirizzo e-mail del mittente, necessario per rispondere alle richieste, nonch\u00e9 degli eventuali altri dati personali inseriti nella missiva.<\/p>\n\n\n\n<p>L\u2019AVIS Associazione Volontari Italiani del Sangue -Avis Provinciale di Viterbo effettua trattamenti di dati personali nei limiti di quanto ci\u00f2 sia strettamente necessario allo svolgimento delle funzioni istituzionali per le quali \u00e8 richiesto il servizio, escludendo il trattamento quando le finalit\u00e0 perseguite possono essere realizzate mediante dati anonimi o modalit\u00e0 che permettono di identificare l\u2019Interessato solo in caso di necessit\u00e0.<\/p>\n\n\n\n<p>Invitiamo i nostri utenti, nelle richieste di informazioni attraverso apposito indirizzo e-mai la non inviare nominativi o altri dati personali di soggetti terzi che non siano strettamente necessari, n\u00e9 tantomeno dati sensibili e\/o giudiziari ai sensi dell\u2019Art. 4 del D.Lgs. 196\/03 (\u201cdati sensibili\u201d, i dati personali idonei a rivelare l\u2019origine razziale ed etnica, le convinzioni religiose, filosofiche o di altro genere, le opinioni politiche, l\u2019adesione a partiti, sindacati, associazioni od organizzazioni a carattere religioso, filosofico, politico o sindacale, nonch\u00e9 i dati personali idonei a rivelare lo stato di salute e la vita sessuale; \u201cdati giudiziari\u201d, i dati personali idonei a rivelare provvedimenti di cui all\u2019Articolo 3, comma 1, lettere da a) a o) e da r) a u), del D.P.R. 14 novembre 2002, n. 313, in materia di casellario giudiziale, di anagrafe delle sanzioni amministrative dipendenti da reato e dei relativi carichi pendenti, o la qualit\u00e0 di imputato o di indagato ai sensi degli Articoli 60 e 61 del codice di procedura penale). <\/p>\n\n\n\n<p>Non vengono raccolte n\u00e9 divulgate informazioni personali degli utenti che rivelino l\u2019origine razziale ed etnica, le convinzioni religiose, filosofiche o di altro genere, le opinioni politiche, l\u2019adesione a partiti, sindacati, associazioni od organizzazioni di carattere religioso, filosofico, politico o sindacale, nonch\u00e9 i dati personali idonei a rivelare lo stato di salute e la vita sessuale.<\/p>\n\n\n\n<p><strong>4 -TIPI DI DATI TRATTATI<\/strong><\/p>\n\n\n\n<p>4.1 -Dati di navigazioneI sistemi informatici e le procedure software preposte al funzionamento di questo sito web acquisiscono, nel corso del loro normale esercizio, alcuni dati personali la cui trasmissione \u00e8 implicita nell\u2019uso dei protocolli di comunicazione di Internet.Si tratta di informazioni che non sono raccolte per essere associate a Interessati identificati, ma che per loro stessa natura potrebbero, attraverso elaborazioni ed associazioni con dati detenuti da terzi, permettere di identificare gli utenti.<\/p>\n\n\n\n<p>In questa categoria di dati rientrano gli indirizzi IP o i nomi a dominio dei computer utilizzati dagli utenti che si connettono al sito, gli indirizzi in notazione URI (Uniform Resource Identifier)delle risorse richieste, l\u2019orario della richiesta, il metodo utilizzato nel sottoporre la richiesta al server, la dimensione del file ottenuto in risposta, il codice numerico indicante lo stato della risposta data dal server(buon fine, errore, etc.) ed altri parametri relativi al sistema operativo e all\u2019ambiente informatico dell\u2019utente.Questi dati vengono utilizzati al solo fine di ricavare informazioni statistiche anonime sull\u2019uso del sito e per controllarne il corretto funzionamento. I dati potrebbero essere utilizzati per l\u2019accertamento di responsabilit\u00e0 in caso di ipotetici reati informatici ai danni del sito.<\/p>\n\n\n\n<p>4.2 -Dati forniti volontariamente dall\u2019utenteL\u2019invio facoltativo, esplicito e volontario di posta elettronica agli eventuali indirizzi indicati su questo sito comporta la successiva acquisizione dell\u2019indirizzo e-mail del mittente, necessario per rispondere alle richieste, nonch\u00e9 degli eventuali altri dati inseriti nella missiva.<\/p>\n\n\n\n<p>4.3 \u2013CookiePer cookie s\u2019intende un elemento testuale e cio\u00e8 stringhe di informazioni, di formato estremamente ridotto (per lo pi\u00f9 poche centinaia di caratteri), generati da un web server e immagazzinati sul computer dell\u2019utente solo in seguito ad autorizzazione.<\/p>\n\n\n\n<p>Se si acconsente, il testo viene scaricato in un file di piccole dimensioni.I cookie hanno la funzione di consentire l\u2019accesso alla fornitura del servizio e di permettere alle applicazioni web di inviare informazioni a singoli utenti.Non viene fatto uso di cookie per la trasmissione di informazioni di carattere personale.L\u2019uso di c.d. cookie di sessione (che non vengono memorizzati in modo persistente sul computer dell\u2019utente e svaniscono con la chiusura del browser) \u00e8 strettamente limitato alla trasmissione di identificativi di sessione (costituiti da numeri casuali generati dal server).Non viene fatto uso di cookie permanenti.<\/p>\n\n\n\n<p><strong>5 -FACOLTATIVITA\u2019 DEL CONFERIMENTO DEI DATI<\/strong><\/p>\n\n\n\n<p>A parte quanto specificato per i dati di navigazione, l\u2019utente \u00e8 libero di fornire i propri dati personali attraverso l\u2019utilizzo della e-mail.Il loro mancato conferimento comporta l\u2019impossibilit\u00e0 di ottenere quanto richiesto.<\/p>\n\n\n\n<p><strong>6 -MODALITA\u2019 DEL TRATTAMENTO<\/strong><\/p>\n\n\n\n<p>I dati personali sono trattati con strumenti automatizzati per il tempo strettamente necessario a conseguire gli scopi per cui sono stati raccolti.Specifiche misure di sicurezza sono osservate per prevenire la perdita dei dati, usi illeciti o non corretti ed accessi non autorizzati.<\/p>\n\n\n\n<p><strong>7 -DIRITTI DEGLI INTERESSATI<\/strong><\/p>\n\n\n\n<p>I soggetti cui si riferiscono i dati personali hanno il diritto in qualunque momento di ottenere la conferma dell\u2019esistenza o meno dei medesimi dati e di conoscerne il contenuto e l\u2019origine, verificarne l\u2019esattezza o chiederne l\u2019integrazione o l\u2019aggiornamento, oppure la rettificazione (Art. 7 del D.Lgs. n. 196\/2003).Ai sensi del medesimo articolo si ha il diritto di chiedere la cancellazione, la trasformazione in forma anonima o il blocco dei dati trattati in violazione di legge, nonch\u00e9 di opporsi in ogni caso, per motivi legittimi, al loro trattamento. I diritti relativi all\u2019Art. 7 del D.Lgs. n.196\/2003 potranno essere esercitati mediante richieste rivolte senza formalit\u00e0 al Titolare o al Responsabile della sicurezza e protezione dei dati personali presso la sede dell\u2019AVIS Associazione Volontari Italiani del Sangue -Avis Provinciale di ViterboDecreto Legislativo n. 196\/2003: Articolo 7 -Diritto di accesso ai dati personali ed altri dirittiL\u2019Interessato ha diritto di accedere ai dati personali.<\/p>\n\n\n\n<p>L\u2019Interessato ha diritto di ottenere la conferma dell\u2019esistenza o meno di dati personali che lo riguardano, anche se non ancora registrati, e la loro comunicazione in forma intelligibile.L\u2019Interessato ha diritto di ottenere l\u2019indicazione:<\/p>\n\n\n\n<ul class=\"wp-block-list\">\n<li>dell\u2019origine dei dati personali, delle finalit\u00e0 e modalit\u00e0 del trattamento;<\/li>\n\n\n\n<li>della logica applicata in caso di trattamento effettuato con l\u2019ausilio di strumenti elettronici;<\/li>\n\n\n\n<li>degli estremi identificativi del Titolare e dei Responsabili;<\/li>\n\n\n\n<li>dei soggetti o delle categorie di soggetti ai quali i dati personali possono essere comunicati o che possono venirne a conoscenza in qualit\u00e0 di rappresentanti designati nel territorio dello Stato, di Responsabili o Incaricati.<\/li>\n<\/ul>\n\n\n\n<p>L\u2019Interessato ha diritto di ottenere:<\/p>\n\n\n\n<ul class=\"wp-block-list\">\n<li>l\u2019aggiornamento, la rettificazione ovvero, quando vi ha interesse, l\u2019integrazione dei dati;<\/li>\n\n\n\n<li>la cancellazione, la trasformazione in forma anonima o il blocco dei dati trattati in violazione di legge, compresi quelli di cui non \u00e8 necessaria la conservazione in relazione agli scopi per i quali i dati sono stati raccolti o successivamente trattati.<\/li>\n<\/ul>\n\n\n\n<p>L\u2019Interessato ha diritto di opporsi, in tutto o in parte:<\/p>\n\n\n\n<ul class=\"wp-block-list\">\n<li>per motivi legittimi al trattamento dei dati personali che lo riguardano, ancorch\u00e9 pertinenti allo scopo della raccolta;<\/li>\n\n\n\n<li>al trattamento di dati personali che lo riguardano a fini di invio di materiale pubblicitario o di vendita diretta o per il compimento di ricerche di mercato o di comunicazione commerciale.I diritti di cui sopra potranno essere esercitati, con richiesta rivolta senza formalit\u00e0, dall\u2019Interessato al Titolare o ad uno dei Responsabili, anche per il tramite di un Incaricato, che forniranno idoneo riscontro. <\/li>\n<\/ul>\n\n\n\n<p>L\u2019Interessato che intende far valere i propri diritti pu\u00f2 compilare e far recapitare l\u2019apposito modulo (modello per rivolgersi al titolare o responsabile del trattamento) consultabile e scaricabile sul sito del Garante Privacy.<\/p>\n\n\n\n<p><strong>8 -NOTE LEGALI L\u2019AVIS<\/strong> Associazione Volontari Italiani del Sangue -Avis Provinciale di Viterbo si riserva il diritto di modificare i contenuti del sito in qualsiasi momento e senza alcun preavviso. L\u2019AVIS Associazione Volontari Italiani del Sangue \u2013Provinciale di Viterbo non ha alcuna responsabilit\u00e0 per quanto riguarda i siti esterni, ai quali \u00e8 eventualmente possibile accedere tramite collegamenti posti all\u2019interno del suo sito, forniti come semplice servizio agli utenti della rete e senza che ci\u00f2 implichi l\u2019approvazione dei siti stessi.L\u2019AVIS Associazione Volontari Italiani del Sangue -Avis Provinciale di Viterbo si preoccupa di ridurre al minimo le disfunzioni imputabili a problemi tecnici, avendo cura di adottare tutte le misure possibili al fine di evitarli ed eliminarli, ma non pu\u00f2 escludere che il servizio subisca interruzioni o sia in altro modo influenzato da agenti o azioni esterni, che mirano a comprometterne l\u2019accesso e la consultazione. <\/p>\n\n\n\n<p>Pertanto non si assume alcuna responsabilit\u00e0 per le conseguenze che ne potrebbero derivare.<\/p>\n","protected":false},"excerpt":{"rendered":"<p>Informativa Privacy per i visitatori del sito www.avisprovincialeviterbo.itIn questa pagina si descrivono le modalit\u00e0 di gestione del sito in riferimento al trattamento dei dati personali degli utenti che lo consultano.Si &#8230; <a title=\"Privacy policy\" class=\"read-more\" href=\"https:\/\/demo.we-com.info\/avis\/privacy-policy\/\" aria-label=\"Per saperne di pi\u00f9 su Privacy policy\">Leggi tutto<\/a><\/p>\n","protected":false},"author":1,"featured_media":0,"parent":0,"menu_order":0,"comment_status":"closed","ping_status":"open","template":"","meta":{"_acf_changed":false,"footnotes":""},"class_list":["post-3","page","type-page","status-publish"],"acf":[],"_links":{"self":[{"href":"https:\/\/demo.we-com.info\/avis\/wp-json\/wp\/v2\/pages\/3","targetHints":{"allow":["GET"]}}],"collection":[{"href":"https:\/\/demo.we-com.info\/avis\/wp-json\/wp\/v2\/pages"}],"about":[{"href":"https:\/\/demo.we-com.info\/avis\/wp-json\/wp\/v2\/types\/page"}],"author":[{"embeddable":true,"href":"https:\/\/demo.we-com.info\/avis\/wp-json\/wp\/v2\/users\/1"}],"replies":[{"embeddable":true,"href":"https:\/\/demo.we-com.info\/avis\/wp-json\/wp\/v2\/comments?post=3"}],"version-history":[{"count":1,"href":"https:\/\/demo.we-com.info\/avis\/wp-json\/wp\/v2\/pages\/3\/revisions"}],"predecessor-version":[{"id":868,"href":"https:\/\/demo.we-com.info\/avis\/wp-json\/wp\/v2\/pages\/3\/revisions\/868"}],"wp:attachment":[{"href":"https:\/\/demo.we-com.info\/avis\/wp-json\/wp\/v2\/media?parent=3"}],"curies":[{"name":"wp","href":"https:\/\/api.w.org\/{rel}","templated":true}]}}