
{"id":208,"date":"2025-10-15T14:41:04","date_gmt":"2025-10-15T12:41:04","guid":{"rendered":"https:\/\/demo.we-com.info\/avis\/?page_id=208"},"modified":"2026-02-09T15:47:49","modified_gmt":"2026-02-09T14:47:49","slug":"gruppo-giovani-avis-provinciale-di-viterbo","status":"publish","type":"page","link":"https:\/\/demo.we-com.info\/avis\/gruppo-giovani-avis-provinciale-di-viterbo\/","title":{"rendered":"Gruppo giovani Avis Provinciale di Viterbo"},"content":{"rendered":"\n<div class=\"wp-block-cover has-parallax\" style=\"min-height:695px;aspect-ratio:unset;\"><div role=\"img\" aria-label=\"Logo Avis Giovani provinciale di Viterbo\" class=\"wp-block-cover__image-background wp-image-1905 size-large has-parallax\" style=\"background-position:50% 50%;background-image:url(https:\/\/demo.we-com.info\/avis\/wp-content\/uploads\/2025\/11\/Logo-giovani-prov-Viterbo-1024x576.png)\"><\/div><span aria-hidden=\"true\" class=\"wp-block-cover__background has-background-dim-70 has-background-dim\" style=\"background-color:#212121\"><\/span><div class=\"wp-block-cover__inner-container is-layout-constrained wp-block-cover-is-layout-constrained\">\n<div class=\"gb-element-64989b87\">\n<p class=\"has-text-align-center has-base-3-color has-text-color has-link-color has-medium-font-size wp-elements-b159990c3fdd9285a3515f621500b610\"><br><br><br>&nbsp;<br>&nbsp;La Consulta Giovani di Avis Provinciale Viterbo \u00e8 fatta di idee fresche, entusiasmo e tanta voglia di fare <\/p>\n\n\n\n<p class=\"has-text-align-center has-base-3-color has-text-color has-link-color has-medium-font-size wp-elements-320ec44eebdea445ba51d054a51b57d4\">Siamo qui per portare energia nuova nell\u2019associazione e trasformare ogni buona idea in un progetto che coinvolge e fa la differenza<\/p>\n\n\n\n<p class=\"has-text-align-center has-base-3-color has-text-color has-link-color has-medium-font-size wp-elements-67fb5b17b61925a1e226f1c4180622d0\"><strong>I Giovani chiamano i Giovani<\/strong><\/p>\n\n\n\n<div style=\"height:20px\" aria-hidden=\"true\" class=\"wp-block-spacer\"><\/div>\n\n\n\n<div class=\"gb-element-a9f7785e\">\n<p class=\"has-base-3-color has-text-color has-link-color wp-elements-304f7fc61e998aefc58f36abd8a862f4\"><a href=\"https:\/\/demo.we-com.info\/avis\/blog-gruppo-giovani\/\" data-type=\"page\" data-id=\"480\">Vai al blog<\/a><\/p>\n<\/div>\n<\/div>\n<\/div><\/div>\n\n\n\n<div class=\"gb-element-5ba51cff\">\n<div class=\"gb-element-a7e08519\">\n<figure class=\"wp-block-image size-full img-b-r-4\"><img loading=\"lazy\" decoding=\"async\" width=\"2560\" height=\"1440\" src=\"https:\/\/demo.we-com.info\/avis\/wp-content\/uploads\/2025\/11\/Logo-giovani-prov-Viterbo-scaled.png\" alt=\"Logo giovani provinciale di Viterbo\" class=\"wp-image-1905\" style=\"object-fit:cover\" srcset=\"https:\/\/demo.we-com.info\/avis\/wp-content\/uploads\/2025\/11\/Logo-giovani-prov-Viterbo-scaled.png 2560w, https:\/\/demo.we-com.info\/avis\/wp-content\/uploads\/2025\/11\/Logo-giovani-prov-Viterbo-300x169.png 300w, https:\/\/demo.we-com.info\/avis\/wp-content\/uploads\/2025\/11\/Logo-giovani-prov-Viterbo-1024x576.png 1024w, https:\/\/demo.we-com.info\/avis\/wp-content\/uploads\/2025\/11\/Logo-giovani-prov-Viterbo-768x432.png 768w, https:\/\/demo.we-com.info\/avis\/wp-content\/uploads\/2025\/11\/Logo-giovani-prov-Viterbo-100x56.png 100w, https:\/\/demo.we-com.info\/avis\/wp-content\/uploads\/2025\/11\/Logo-giovani-prov-Viterbo-1536x864.png 1536w, https:\/\/demo.we-com.info\/avis\/wp-content\/uploads\/2025\/11\/Logo-giovani-prov-Viterbo-2048x1152.png 2048w\" sizes=\"auto, (max-width: 2560px) 100vw, 2560px\" \/><\/figure>\n<\/div>\n\n\n\n<div class=\"gb-element-714614d6\">\n<p class=\"title-mobile has-base-3-color has-text-color has-link-color wp-elements-ce72cf086eb9d78252099c20640ec71f\" style=\"font-size:94px\"><strong>Next Gen, Next Donors<\/strong><\/p>\n\n\n\n<p class=\"has-base-3-color has-text-color has-link-color has-medium-font-size wp-elements-6cb88ec1b35e5959138abcfec55da5f4\"><strong>Consulta Avis Giovani Provinciale di Viterbo<\/strong><\/p>\n\n\n\n<p class=\"has-base-3-color has-text-color has-link-color has-medium-font-size wp-elements-f5587313d7c7b0e25af206f4c5c88af8\">L\u2019Avis ha sempre creduto nei giovani: sono loro la vera energia dell\u2019associazione. \u00c8 da qui che nasce il nostro impegno nel diffondere, fin da giovanissimi, la cultura della donazione del sangue e di emocomponenti: far conoscere l\u2019associazione, avvicinare alla solidariet\u00e0 e far crescere una generazione consapevole del valore di un gesto semplice ma fondamentale.<\/p>\n\n\n\n<p class=\"has-base-3-color has-text-color has-link-color has-medium-font-size wp-elements-b22bcb45673653794edbdd22156ee5a2\">La Consulta Giovani vuole entrare nella vita quotidiana di tutti i ragazzi, rendendo la donazione non qualcosa di \u201cstraordinario\u201d, ma un gesto naturale, alla portata di tutti e indispensabile per la comunit\u00e0. Perch\u00e9 chi meglio dei giovani pu\u00f2 portare un cambiamento vero? Sono loro che possono dare una svolta, innovare, ripensare il modo di agire e credere in un futuro pi\u00f9 solidale proprio come sanno fare i ragazzi di oggi.&nbsp;<\/p>\n<\/div>\n<\/div>\n\n\n\n<div class=\"gb-element-95210c2b\">\n<div class=\"gb-element-b341868f\">\n<p class=\"title-mobile has-base-3-color has-text-color has-link-color wp-elements-e7e3eefd8c6ffe1deb554f17ee3dd9ab\" style=\"font-size:94px\"><strong>Cuore idee e azioni<\/strong><\/p>\n\n\n\n<p class=\"has-base-3-color has-text-color has-link-color has-medium-font-size wp-elements-056becc371055533f6173af4337acfda\">Noi giovani di Avis siamo ragazzi dai 18 ai 30 anni e siamo il motore che porta energia e innovazione all\u2019interno dell\u2019associazione. Ci impegniamo nelle donazioni tematiche come la giornata di Halloween o San Valentino, supportiamo le Avis locali della provincia, e organizziamo eventi formativi e ludici per coinvolgere tutti i giovani come Meeting, color party. Le iniziative creative diventano quindi strumenti per diffondere la cultura della donazione e stimolare la partecipazione attiva.&nbsp;<\/p>\n\n\n\n<p class=\"has-base-3-color has-text-color has-link-color has-medium-font-size wp-elements-b84acb60ed9664e6e25ea4bfa7f31b18\">Al nostro fianco c\u2019\u00e8 Gocciolino, la mascotte del gruppo, simbolo di gioia, entusiasmo e solidariet\u00e0, che rende ogni progetto un\u2019occasione di condivisione e divertimento soprattutto con i pi\u00f9 piccoli.&nbsp;<\/p>\n\n\n\n<p class=\"has-base-3-color has-text-color has-link-color has-medium-font-size wp-elements-471f710de471ada5394a06a3ed35f0a8\">&nbsp;<\/p>\n<\/div>\n\n\n\n<div class=\"gb-element-82e3f829\">\n<figure class=\"wp-block-image size-full\"><img loading=\"lazy\" decoding=\"async\" width=\"909\" height=\"646\" src=\"https:\/\/demo.we-com.info\/avis\/wp-content\/uploads\/2025\/10\/Group-26.png\" alt=\"Avis young\" class=\"wp-image-447\" style=\"object-fit:cover\" srcset=\"https:\/\/demo.we-com.info\/avis\/wp-content\/uploads\/2025\/10\/Group-26.png 909w, https:\/\/demo.we-com.info\/avis\/wp-content\/uploads\/2025\/10\/Group-26-300x213.png 300w, https:\/\/demo.we-com.info\/avis\/wp-content\/uploads\/2025\/10\/Group-26-768x546.png 768w\" sizes=\"auto, (max-width: 909px) 100vw, 909px\" \/><\/figure>\n<\/div>\n<\/div>\n\n\n\n<div class=\"gb-element-5e1c7e7e\">\n<div class=\"gb-element-132e14c0\">\n<figure class=\"wp-block-image size-full img-b-r-4\"><img loading=\"lazy\" decoding=\"async\" width=\"911\" height=\"651\" src=\"https:\/\/demo.we-com.info\/avis\/wp-content\/uploads\/2025\/10\/Group-27.png\" alt=\"Avis giovani 2\" class=\"wp-image-461\" style=\"object-fit:cover\" srcset=\"https:\/\/demo.we-com.info\/avis\/wp-content\/uploads\/2025\/10\/Group-27.png 911w, https:\/\/demo.we-com.info\/avis\/wp-content\/uploads\/2025\/10\/Group-27-300x214.png 300w, https:\/\/demo.we-com.info\/avis\/wp-content\/uploads\/2025\/10\/Group-27-768x549.png 768w\" sizes=\"auto, (max-width: 911px) 100vw, 911px\" \/><\/figure>\n<\/div>\n\n\n\n<div class=\"gb-element-cd07bebc\">\n<p class=\"title-mobile has-base-3-color has-text-color has-link-color wp-elements-5ed0237b4307cd81f67cebef66aec52e\" style=\"font-size:94px\"><strong>A.A.A. Giovani Cercasi con voglia di fare\u201d<\/strong><\/p>\n\n\n\n<p class=\"has-base-3-color has-text-color has-link-color has-medium-font-size wp-elements-4b246cf7cdb5cf55bcf021d174848cb2\">Diventa protagonista della solidariet\u00e0 con La Consulta Avis Giovani provinciale di Viterbo! Partecipa a iniziative, eventi e donazioni e fai la differenza nella tua comunit\u00e0.&nbsp;&nbsp;<\/p>\n\n\n\n<div class=\"wp-block-group is-nowrap is-layout-flex wp-container-core-group-is-layout-ad2f72ca wp-block-group-is-layout-flex\">\n<p class=\"gb-text-83179d30\"><span class=\"gb-shape\"><svg aria-hidden=\"true\" role=\"img\" height=\"1em\" width=\"1em\" viewBox=\"0 0 512 512\" xmlns=\"http:\/\/www.w3.org\/2000\/svg\"><path fill=\"currentColor\" d=\"M493.4 24.6l-104-24c-11.3-2.6-22.9 3.3-27.5 13.9l-48 112c-4.2 9.8-1.4 21.3 6.9 28l60.6 49.6c-36 76.7-98.9 140.5-177.2 177.2l-49.6-60.6c-6.8-8.3-18.2-11.1-28-6.9l-112 48C3.9 366.5-2 378.1.6 389.4l24 104C27.1 504.2 36.7 512 48 512c256.1 0 464-207.5 464-464 0-11.2-7.7-20.9-18.6-23.4z\"><\/path><\/svg><\/span><span class=\"gb-text\"><\/span><\/p>\n\n\n\n<p class=\"has-base-3-color has-text-color has-link-color wp-elements-b5afea0dc724dfc094f8656d4da664f8\"> 0761.237384\/85 <\/p>\n<\/div>\n\n\n\n<div class=\"wp-block-group is-nowrap is-layout-flex wp-container-core-group-is-layout-ad2f72ca wp-block-group-is-layout-flex\">\n<p class=\"gb-text-b766df07\"><span class=\"gb-shape\"><svg aria-hidden=\"true\" role=\"img\" height=\"1em\" width=\"1em\" viewBox=\"0 0 512 512\" xmlns=\"http:\/\/www.w3.org\/2000\/svg\"><path fill=\"currentColor\" d=\"M464 64H48C21.49 64 0 85.49 0 112v288c0 26.51 21.49 48 48 48h416c26.51 0 48-21.49 48-48V112c0-26.51-21.49-48-48-48zm0 48v40.805c-22.422 18.259-58.168 46.651-134.587 106.49-16.841 13.247-50.201 45.072-73.413 44.701-23.208.375-56.579-31.459-73.413-44.701C106.18 199.465 70.425 171.067 48 152.805V112h416zM48 400V214.398c22.914 18.251 55.409 43.862 104.938 82.646 21.857 17.205 60.134 55.186 103.062 54.955 42.717.231 80.509-37.199 103.053-54.947 49.528-38.783 82.032-64.401 104.947-82.653V400H48z\"><\/path><\/svg><\/span><span class=\"gb-text\"><\/span><\/p>\n\n\n\n<p class=\"has-base-3-color has-text-color has-link-color wp-elements-080c602cd9afac982bdef86f31247cca\"><a href=\"mailto:avis.provinciale@asl.vt.it\">giovaniavis.provincialeviterbo@gmail.com&nbsp;<\/a><\/p>\n<\/div>\n\n\n\n<p class=\"has-base-3-color has-text-color has-link-color has-medium-font-size wp-elements-471f710de471ada5394a06a3ed35f0a8\">&nbsp;<\/p>\n<\/div>\n<\/div>\n\n\n\n<div class=\"gb-element-904d9421\">\n<h2 class=\"wp-block-heading\">I nostri giovani<\/h2>\n\n\n\n<figure class=\"wp-block-table\"><table class=\"has-fixed-layout\"><thead><tr><th>Nome<\/th><th>Cognome<\/th><th>Avis di appartenenza<\/th><\/tr><\/thead><tbody><tr><td>Viola<\/td><td>Forliti<\/td><td>Vallerano<\/td><\/tr><tr><td>Matteo<\/td><td>Sabani<\/td><td>Vitorchiano<\/td><\/tr><tr><td>Martina<\/td><td>Orlandini<\/td><td>Canepina<\/td><\/tr><tr><td>Daniela <\/td><td>Bocci<\/td><td>Canino<\/td><\/tr><tr><td>Alessia<\/td><td>Ranieri<\/td><td>Viterbo<\/td><\/tr><tr><td>Beatrice<\/td><td>Mechelli<\/td><td>Viterbo<\/td><\/tr><tr><td>Elettra<\/td><td>Celoni<\/td><td>Viterbo<\/td><\/tr><tr><td>Elena<\/td><td>Cannone<\/td><td>Viterbo<\/td><\/tr><tr><td>Ilaria<\/td><td>Paoletti<\/td><td>Nepi<\/td><\/tr><tr><td>Serena<\/td><td>Loreti<\/td><td>Arlena di Castro<\/td><\/tr><tr><td>Giulia<\/td><td>Fagioni<\/td><td>Vallerano<\/td><\/tr><tr><td>Luigi<\/td><td>Poli<\/td><td>Canepina<\/td><\/tr><tr><td>Giorgia<\/td><td>Panunzi<\/td><td>Viterbo<\/td><\/tr><tr><td>Alessio<\/td><td>Panunzi<\/td><td>Viterbo<\/td><\/tr><tr><td>Federico <\/td><td>Mechelli<\/td><td>Viterbo<\/td><\/tr><tr><td>Chiara<\/td><td>Mechelli<\/td><td>Viterbo<\/td><\/tr><tr><td>Adriano<\/td><td>Forgione<\/td><td>Viterbo<\/td><\/tr><tr><td>Giordana<\/td><td>Iorio<\/td><td>Bomarzo<\/td><\/tr><\/tbody><\/table><\/figure>\n<\/div>\n\n\n\n<div class=\"gb-element-6f67b6e1\">\n<div class=\"gb-element-85b85fbf\" href=\"https:\/\/www.instagram.com\/giovaniavisprovincialeviterbo?igsh=MTJlZ3AzMDBpcnh0dw==\" target=\"_blank\" rel=\"noopener\" data-aos=\"fade\" data-aos-delay=\"50\">\n<div class=\"wp-block-group is-vertical is-content-justification-center is-layout-flex wp-container-core-group-is-layout-4b2eccd6 wp-block-group-is-layout-flex\">\n<a class=\"gb-text-95c40181\" href=\"https:\/\/www.instagram.com\/giovaniavisprovincialeviterbo?igsh=MTJlZ3AzMDBpcnh0dw==\" target=\"_blank\" rel=\"noopener\"><span class=\"gb-shape\"><svg aria-hidden=\"true\" role=\"img\" height=\"1em\" width=\"1em\" viewBox=\"0 0 448 512\" xmlns=\"http:\/\/www.w3.org\/2000\/svg\"><path fill=\"currentColor\" d=\"M224.1 141c-63.6 0-114.9 51.3-114.9 114.9s51.3 114.9 114.9 114.9S339 319.5 339 255.9 287.7 141 224.1 141zm0 189.6c-41.1 0-74.7-33.5-74.7-74.7s33.5-74.7 74.7-74.7 74.7 33.5 74.7 74.7-33.6 74.7-74.7 74.7zm146.4-194.3c0 14.9-12 26.8-26.8 26.8-14.9 0-26.8-12-26.8-26.8s12-26.8 26.8-26.8 26.8 12 26.8 26.8zm76.1 27.2c-1.7-35.9-9.9-67.7-36.2-93.9-26.2-26.2-58-34.4-93.9-36.2-37-2.1-147.9-2.1-184.9 0-35.8 1.7-67.6 9.9-93.9 36.1s-34.4 58-36.2 93.9c-2.1 37-2.1 147.9 0 184.9 1.7 35.9 9.9 67.7 36.2 93.9s58 34.4 93.9 36.2c37 2.1 147.9 2.1 184.9 0 35.9-1.7 67.7-9.9 93.9-36.2 26.2-26.2 34.4-58 36.2-93.9 2.1-37 2.1-147.8 0-184.8zM398.8 388c-7.8 19.6-22.9 34.7-42.6 42.6-29.5 11.7-99.5 9-132.1 9s-102.7 2.6-132.1-9c-19.6-7.8-34.7-22.9-42.6-42.6-11.7-29.5-9-99.5-9-132.1s-2.6-102.7 9-132.1c7.8-19.6 22.9-34.7 42.6-42.6 29.5-11.7 99.5-9 132.1-9s102.7-2.6 132.1 9c19.6 7.8 34.7 22.9 42.6 42.6 11.7 29.5 9 99.5 9 132.1s2.7 102.7-9 132.1z\"><\/path><\/svg><\/span><span class=\"gb-text\"><\/span><\/a>\n\n\n\n<p><a href=\"https:\/\/www.instagram.com\/giovaniavisprovincialeviterbo?igsh=MTJlZ3AzMDBpcnh0dw==\" target=\"_blank\" rel=\"noreferrer noopener\">@giovaniavisprovincialeviterbo<\/a><\/p>\n<\/div>\n<\/div>\n\n\n\n<div class=\"gb-element-ab34e6ca\" data-aos=\"fade\" data-aos-delay=\"100\">\n<div class=\"wp-block-group is-vertical is-content-justification-center is-layout-flex wp-container-core-group-is-layout-4b2eccd6 wp-block-group-is-layout-flex\">\n<a class=\"gb-text-0a1fd49a\" href=\"https:\/\/www.facebook.com\/share\/1CrYhDJ5B3\/\" target=\"_blank\" rel=\"noopener\"><span class=\"gb-shape\"><svg aria-hidden=\"true\" role=\"img\" height=\"1em\" width=\"1em\" viewBox=\"0 0 320 512\" xmlns=\"http:\/\/www.w3.org\/2000\/svg\"><path fill=\"currentColor\" d=\"M279.14 288l14.22-92.66h-88.91v-60.13c0-25.35 12.42-50.06 52.24-50.06h40.42V6.26S260.43 0 225.36 0c-73.22 0-121.08 44.38-121.08 124.72v70.62H22.89V288h81.39v224h100.17V288z\"><\/path><\/svg><\/span><span class=\"gb-text\"><\/span><\/a>\n\n\n\n<p><a href=\"https:\/\/www.facebook.com\/share\/1CrYhDJ5B3\/\" target=\"_blank\" rel=\"noreferrer noopener\">Consulta Giovani Avis Viterbo<\/a><\/p>\n<\/div>\n<\/div>\n\n\n\n<div class=\"gb-element-d1ca60fd\" data-aos=\"fade\" data-aos-delay=\"200\">\n<div class=\"wp-block-group is-vertical is-content-justification-center is-layout-flex wp-container-core-group-is-layout-4b2eccd6 wp-block-group-is-layout-flex\">\n<a class=\"gb-text-df1e730b\" href=\"https:\/\/www.tiktok.com\/@avisgiovani5?_r=1&#038;_t=ZN-91bl3ZgpFrS\" target=\"_blank\" rel=\"noopener\"><span class=\"gb-shape\"><svg viewBox=\"0 0 24 24\" fill=\"none\" xmlns=\"http:\/\/www.w3.org\/2000\/svg\"><g id=\"SVGRepo_bgCarrier\" stroke-width=\"0\"><\/g><g id=\"SVGRepo_tracerCarrier\" stroke-linecap=\"round\" stroke-linejoin=\"round\"><\/g><g id=\"SVGRepo_iconCarrier\"><path d=\"M20 7.50414C18.5333 7.56942 15.52 6.75998 15.2 3H12.4V13.9666C12.4 17.0999 9.93253 18.4412 8.289 17.2507C6.20169 15.7389 7.60003 12.5958 10.2 12.9874V9.6583C8.20003 9.6583 4 10.4416 4 15.3374C4 21.6041 10.8146 21.4083 12.4 20.5824C14.9798 19.2385 15.6 17.7827 15.6 14.5541C15.6 11.6166 15.6 9.85413 15.6 9.0708C16.2667 9.39719 18.08 10.0891 20 10.2458\" stroke=\"#000000\" stroke-linecap=\"round\" stroke-linejoin=\"round\"><\/path><\/g><\/svg><\/span><span class=\"gb-text\"><\/span><\/a>\n\n\n\n<p><a href=\"https:\/\/www.tiktok.com\/@avisgiovani5?_r=1&amp;_t=ZN-91bl3ZgpFrS\" target=\"_blank\" rel=\"noreferrer noopener\">@avisgiovani5 &#8211; GoccioLino&nbsp;<\/a><\/p>\n<\/div>\n<\/div>\n<\/div>\n\n\n\n<div style=\"height:100px\" aria-hidden=\"true\" class=\"wp-block-spacer\"><\/div>\n","protected":false},"excerpt":{"rendered":"<p>Next Gen, Next Donors Consulta Avis Giovani Provinciale di Viterbo L\u2019Avis ha sempre creduto nei giovani: sono loro la vera energia dell\u2019associazione. \u00c8 da qui che nasce il nostro impegno &#8230; <a title=\"Gruppo giovani Avis Provinciale di Viterbo\" class=\"read-more\" href=\"https:\/\/demo.we-com.info\/avis\/gruppo-giovani-avis-provinciale-di-viterbo\/\" aria-label=\"Per saperne di pi\u00f9 su Gruppo giovani Avis Provinciale di Viterbo\">Leggi tutto<\/a><\/p>\n","protected":false},"author":2,"featured_media":0,"parent":0,"menu_order":0,"comment_status":"closed","ping_status":"closed","template":"","meta":{"_acf_changed":false,"footnotes":""},"class_list":["post-208","page","type-page","status-publish"],"acf":[],"_links":{"self":[{"href":"https:\/\/demo.we-com.info\/avis\/wp-json\/wp\/v2\/pages\/208","targetHints":{"allow":["GET"]}}],"collection":[{"href":"https:\/\/demo.we-com.info\/avis\/wp-json\/wp\/v2\/pages"}],"about":[{"href":"https:\/\/demo.we-com.info\/avis\/wp-json\/wp\/v2\/types\/page"}],"author":[{"embeddable":true,"href":"https:\/\/demo.we-com.info\/avis\/wp-json\/wp\/v2\/users\/2"}],"replies":[{"embeddable":true,"href":"https:\/\/demo.we-com.info\/avis\/wp-json\/wp\/v2\/comments?post=208"}],"version-history":[{"count":139,"href":"https:\/\/demo.we-com.info\/avis\/wp-json\/wp\/v2\/pages\/208\/revisions"}],"predecessor-version":[{"id":5199,"href":"https:\/\/demo.we-com.info\/avis\/wp-json\/wp\/v2\/pages\/208\/revisions\/5199"}],"wp:attachment":[{"href":"https:\/\/demo.we-com.info\/avis\/wp-json\/wp\/v2\/media?parent=208"}],"curies":[{"name":"wp","href":"https:\/\/api.w.org\/{rel}","templated":true}]}}