
{"id":1425,"date":"2025-11-07T16:13:35","date_gmt":"2025-11-07T15:13:35","guid":{"rendered":"https:\/\/demo.we-com.info\/avis\/?page_id=1425"},"modified":"2025-11-07T16:24:29","modified_gmt":"2025-11-07T15:24:29","slug":"5x1000","status":"publish","type":"page","link":"https:\/\/demo.we-com.info\/avis\/5x1000\/","title":{"rendered":"5&#215;1000"},"content":{"rendered":"\n<div class=\"wp-block-cover\"><img loading=\"lazy\" decoding=\"async\" width=\"1024\" height=\"512\" class=\"wp-block-cover__image-background wp-image-16 size-large\" alt=\"Cover Donazione avis perch\u00e8 donare\" src=\"https:\/\/demo.we-com.info\/avis\/wp-content\/uploads\/2025\/10\/Donazione-Sangue-2-750x375@2x-1024x512.jpg\" data-object-fit=\"cover\" srcset=\"https:\/\/demo.we-com.info\/avis\/wp-content\/uploads\/2025\/10\/Donazione-Sangue-2-750x375@2x-1024x512.jpg 1024w, https:\/\/demo.we-com.info\/avis\/wp-content\/uploads\/2025\/10\/Donazione-Sangue-2-750x375@2x-300x150.jpg 300w, https:\/\/demo.we-com.info\/avis\/wp-content\/uploads\/2025\/10\/Donazione-Sangue-2-750x375@2x-768x384.jpg 768w, https:\/\/demo.we-com.info\/avis\/wp-content\/uploads\/2025\/10\/Donazione-Sangue-2-750x375@2x.jpg 1500w\" sizes=\"auto, (max-width: 1024px) 100vw, 1024px\" \/><span aria-hidden=\"true\" class=\"wp-block-cover__background has-background-dim\" style=\"background-color:#212121\"><\/span><div class=\"wp-block-cover__inner-container is-layout-constrained wp-block-cover-is-layout-constrained\">\n<p class=\"has-text-align-center has-large-font-size\">5&#215;1000<\/p>\n<\/div><\/div>\n\n\n\n<div class=\"gb-element-5efe89a0\">\n<p>Nella prossima dichiarazione dei redditi, oltre a destinare l\u2019otto per mille dell\u2019IRPEF ad una delle istituzioni beneficiarie puoi anche destinare il tuo&nbsp;<strong>5\u00d71000<\/strong>&nbsp;all\u2019<strong>AVIS Provinciale di Viterbo.<\/strong><\/p>\n\n\n\n<p>Il 5 per mille \u00e8 una misura fiscale che consente ai contribuenti di destinare una quota dell\u2019<strong>IRPEF<\/strong>&nbsp;(pari, appunto, al 5 per mille dell\u2019imposta sul reddito delle persone fisiche) a enti che si occupano di attivit\u00e0 di interesse sociale, come associazioni di volontariato e di promozione sociale, onlus, associazioni sportive che svolgono prevalentemente attivit\u00e0 socialmente.Non \u00e8 una donazione, quindi non beneficia delle connesse agevolazioni fiscali (non si pu\u00f2 detrarre dalle tasse), ma&nbsp;<strong>non comporta neppure oneri aggiuntivi<\/strong>&nbsp;(in pratica non costa nulla) in quanto il contribuente \u00e8 comunque tenuto a pagare l\u2019IRPEF.<\/p>\n\n\n\n<p>Gli eventuali contributi raccolti saranno suddivisi tra tutte le sezioni Avis della Provincia di Viterbo in base al numero dei donatori.<\/p>\n\n\n\n<p>Sostieni L\u2019Avis Provinciale di Viterbo inserenzo nel&nbsp;<strong>modello per la dichiarazione dei redditi<\/strong>&nbsp;(Mod. 730, Unico, CU) la tua firma e&nbsp;<strong>il codice fiscale<\/strong>&nbsp;nella scheda per la scelta della destinazione del&nbsp;<strong>5\u00d71000<\/strong>:&nbsp;<strong>80029000561<\/strong>.<\/p>\n\n\n\n<p>(riquadro \u201c<strong>Sostegno delle Organizzazioni Non Lucrative di Utilit\u00e0 Sociale<\/strong>\u201d,<\/p>\n<\/div>\n\n\n\n<div class=\"gb-element-ffbfb486\">\n<figure class=\"wp-block-gallery has-nested-images columns-default is-cropped wp-block-gallery-1 is-layout-flex wp-block-gallery-is-layout-flex\">\n<figure class=\"wp-block-image size-large\"><img loading=\"lazy\" decoding=\"async\" width=\"724\" height=\"1024\" data-id=\"1438\" src=\"https:\/\/demo.we-com.info\/avis\/wp-content\/uploads\/2025\/11\/Img-1-5x1000-avis-provinciale-di-Viterbo-724x1024.jpg\" alt=\"\" class=\"wp-image-1438\" srcset=\"https:\/\/demo.we-com.info\/avis\/wp-content\/uploads\/2025\/11\/Img-1-5x1000-avis-provinciale-di-Viterbo-724x1024.jpg 724w, https:\/\/demo.we-com.info\/avis\/wp-content\/uploads\/2025\/11\/Img-1-5x1000-avis-provinciale-di-Viterbo-212x300.jpg 212w, https:\/\/demo.we-com.info\/avis\/wp-content\/uploads\/2025\/11\/Img-1-5x1000-avis-provinciale-di-Viterbo-768x1086.jpg 768w, https:\/\/demo.we-com.info\/avis\/wp-content\/uploads\/2025\/11\/Img-1-5x1000-avis-provinciale-di-Viterbo-1086x1536.jpg 1086w, https:\/\/demo.we-com.info\/avis\/wp-content\/uploads\/2025\/11\/Img-1-5x1000-avis-provinciale-di-Viterbo.jpg 1414w\" sizes=\"auto, (max-width: 724px) 100vw, 724px\" \/><\/figure>\n\n\n\n<figure class=\"wp-block-image size-large\"><img loading=\"lazy\" decoding=\"async\" width=\"724\" height=\"1024\" data-id=\"1440\" src=\"https:\/\/demo.we-com.info\/avis\/wp-content\/uploads\/2025\/11\/Img-3-5x1000-Avis-provinciale-di-viterbo-724x1024.jpg\" alt=\"\" class=\"wp-image-1440\" srcset=\"https:\/\/demo.we-com.info\/avis\/wp-content\/uploads\/2025\/11\/Img-3-5x1000-Avis-provinciale-di-viterbo-724x1024.jpg 724w, https:\/\/demo.we-com.info\/avis\/wp-content\/uploads\/2025\/11\/Img-3-5x1000-Avis-provinciale-di-viterbo-212x300.jpg 212w, https:\/\/demo.we-com.info\/avis\/wp-content\/uploads\/2025\/11\/Img-3-5x1000-Avis-provinciale-di-viterbo-768x1087.jpg 768w, https:\/\/demo.we-com.info\/avis\/wp-content\/uploads\/2025\/11\/Img-3-5x1000-Avis-provinciale-di-viterbo-1086x1536.jpg 1086w, https:\/\/demo.we-com.info\/avis\/wp-content\/uploads\/2025\/11\/Img-3-5x1000-Avis-provinciale-di-viterbo-1448x2048.jpg 1448w, https:\/\/demo.we-com.info\/avis\/wp-content\/uploads\/2025\/11\/Img-3-5x1000-Avis-provinciale-di-viterbo-scaled.jpg 1809w\" sizes=\"auto, (max-width: 724px) 100vw, 724px\" \/><\/figure>\n\n\n\n<figure class=\"wp-block-image size-large\"><img loading=\"lazy\" decoding=\"async\" width=\"724\" height=\"1024\" data-id=\"1439\" src=\"https:\/\/demo.we-com.info\/avis\/wp-content\/uploads\/2025\/11\/Img-2-5x1000-Avis-provinciale-di-viterbo-724x1024.jpg\" alt=\"\" class=\"wp-image-1439\" srcset=\"https:\/\/demo.we-com.info\/avis\/wp-content\/uploads\/2025\/11\/Img-2-5x1000-Avis-provinciale-di-viterbo-724x1024.jpg 724w, https:\/\/demo.we-com.info\/avis\/wp-content\/uploads\/2025\/11\/Img-2-5x1000-Avis-provinciale-di-viterbo-212x300.jpg 212w, https:\/\/demo.we-com.info\/avis\/wp-content\/uploads\/2025\/11\/Img-2-5x1000-Avis-provinciale-di-viterbo-768x1087.jpg 768w, https:\/\/demo.we-com.info\/avis\/wp-content\/uploads\/2025\/11\/Img-2-5x1000-Avis-provinciale-di-viterbo-1086x1536.jpg 1086w, https:\/\/demo.we-com.info\/avis\/wp-content\/uploads\/2025\/11\/Img-2-5x1000-Avis-provinciale-di-viterbo-1448x2048.jpg 1448w, https:\/\/demo.we-com.info\/avis\/wp-content\/uploads\/2025\/11\/Img-2-5x1000-Avis-provinciale-di-viterbo-scaled.jpg 1809w\" sizes=\"auto, (max-width: 724px) 100vw, 724px\" \/><\/figure>\n<\/figure>\n<\/div>\n","protected":false},"excerpt":{"rendered":"<p>Nella prossima dichiarazione dei redditi, oltre a destinare l\u2019otto per mille dell\u2019IRPEF ad una delle istituzioni beneficiarie puoi anche destinare il tuo&nbsp;5\u00d71000&nbsp;all\u2019AVIS Provinciale di Viterbo. Il 5 per mille \u00e8 &#8230; <a title=\"5&#215;1000\" class=\"read-more\" href=\"https:\/\/demo.we-com.info\/avis\/5x1000\/\" aria-label=\"Per saperne di pi\u00f9 su 5&#215;1000\">Leggi tutto<\/a><\/p>\n","protected":false},"author":2,"featured_media":0,"parent":0,"menu_order":0,"comment_status":"closed","ping_status":"closed","template":"","meta":{"_acf_changed":false,"footnotes":""},"class_list":["post-1425","page","type-page","status-publish"],"acf":[],"_links":{"self":[{"href":"https:\/\/demo.we-com.info\/avis\/wp-json\/wp\/v2\/pages\/1425","targetHints":{"allow":["GET"]}}],"collection":[{"href":"https:\/\/demo.we-com.info\/avis\/wp-json\/wp\/v2\/pages"}],"about":[{"href":"https:\/\/demo.we-com.info\/avis\/wp-json\/wp\/v2\/types\/page"}],"author":[{"embeddable":true,"href":"https:\/\/demo.we-com.info\/avis\/wp-json\/wp\/v2\/users\/2"}],"replies":[{"embeddable":true,"href":"https:\/\/demo.we-com.info\/avis\/wp-json\/wp\/v2\/comments?post=1425"}],"version-history":[{"count":12,"href":"https:\/\/demo.we-com.info\/avis\/wp-json\/wp\/v2\/pages\/1425\/revisions"}],"predecessor-version":[{"id":1445,"href":"https:\/\/demo.we-com.info\/avis\/wp-json\/wp\/v2\/pages\/1425\/revisions\/1445"}],"wp:attachment":[{"href":"https:\/\/demo.we-com.info\/avis\/wp-json\/wp\/v2\/media?parent=1425"}],"curies":[{"name":"wp","href":"https:\/\/api.w.org\/{rel}","templated":true}]}}