
{"id":134,"date":"2025-10-14T17:05:21","date_gmt":"2025-10-14T15:05:21","guid":{"rendered":"https:\/\/demo.we-com.info\/avis\/?page_id=134"},"modified":"2025-11-27T11:50:19","modified_gmt":"2025-11-27T10:50:19","slug":"modulistica","status":"publish","type":"page","link":"https:\/\/demo.we-com.info\/avis\/modulistica\/","title":{"rendered":"Modulistica"},"content":{"rendered":"\n<div class=\"gb-element-25b27294\">\n<div class=\"gb-element-9a40ab88\">\n<div>\n<h2 class=\"gb-text gb-text-a8442e88\">Domanda di adesione<\/h2>\n\n\n\n<p>Iscriversi all\u2019Avis \u00e8 totalmente gratuito e non comporta obblighi o vincoli: potrete compilare la domanda di iscrizione con i dati personali, stamparla e consegnarla presso la sede Avis comunale pi\u00f9 vicina. L\u2019iscrizione consentir\u00e0 di ricordare la prossima donazione e di informare su tutte le attivit\u00e0 associative<\/p>\n<\/div>\n\n\n\n<div>\n<a class=\"gb-text gb-text-c4b3b3cd\" href=\"https:\/\/demo.we-com.info\/avis\/wp-content\/uploads\/2025\/10\/AVIS_domanda_di_iscrizione_.pdf\">Scarica Pdf<\/a>\n<\/div>\n<\/div>\n\n\n\n<div class=\"gb-element-3a11934c\">\n<div>\n<h2 class=\"gb-text gb-text-5a6615be\">Scheda trasferimenti<\/h2>\n\n\n\n<p><br>Un socio pu\u00f2 essere iscritto ad una sola Avis Comunale o Equiparata e non pu\u00f2 essere iscritto ad altra organizzazione di donatori di sangue.<br>Un socio, gi\u00e0 iscritto ad una Avis Comunale o Equiparata, pu\u00f2 chiedere di essere trasferito ad un\u2019altra Avis Comunale o Equiparata utilizzando il modello apposito.<br>Il trasferimento decorre dalla data in cui il Consiglio Direttivo dell\u2019Avis Comunale o Equiparata interessata, accoglie l\u2019istanza di adesione del socio.<\/p>\n<\/div>\n\n\n\n<div>\n<a class=\"gb-text gb-text-fad4cc35\" href=\"https:\/\/demo.we-com.info\/avis\/wp-content\/uploads\/2025\/10\/Scheda-trasferimenti.pdf\">Scarica Pdf<\/a>\n<\/div>\n<\/div>\n\n\n\n<div class=\"gb-element-19d95ea4\">\n<div>\n<h2 class=\"gb-text gb-text-085ecdc6\">Delega ritiro analisi<\/h2>\n\n\n\n<p>Al fine di garantire elevati livelli di qualit\u00e0 e sicurezza del sangue e per tutelare la salute sia del donatore, sia dei pazienti, ad ogni donazione il sangue prelevato viene sottoposto a determinati esami.<br>Per il ritiro degli stessi \u00e8 possibile delegare un\u2019altra persona con una\u00a0<strong><em>delega<\/em><\/strong>\u00a0scritta e la fotocopia del proprio documento di identit\u00e0.<br>I referti si possono ritirare dal luned\u00ec al venerd\u00ec dalle ore 11:00 alle ore 13:00 oppure mediante il proprio <a href=\"https:\/\/www.salutelazio.it\/fascicolo-sanitario-elettronico1\">FASCICOLO SANITARIO<\/a> dove si potranno scaricare tutte le analisi ad eccezione dell\u2019emocromo che potr\u00e0 essere richiesto solo presso il SIMT.<\/p>\n<\/div>\n\n\n\n<div>\n<a class=\"gb-text gb-text-4a42ff2c\" href=\"https:\/\/demo.we-com.info\/avis\/wp-content\/uploads\/2025\/10\/Delega-ritiro-analisi.pdf\">Scarica Pdf<\/a>\n<\/div>\n<\/div>\n\n\n\n<div class=\"gb-element-807848a5\">\n<div>\n<h2 class=\"gb-text gb-text-f25e224f\">Questionario (Stampare in A3 fronte\/retro altri formati non saranno accettati dal Centro Trasfusionale)<\/h2>\n\n\n\n<p>Coloro che intendono diventare donatori di sangue possono recarsi, senza prenotazione n\u00e9 appuntamento, in un di raccolta-sangue per sottoporsi alla visita medica ed al prelievo del sangue necessario per accertare l\u2019idoneit\u00e0, se tutto \u00e8 regolare &nbsp;il nuovo donatore verr\u00e0 invitato ad effettuare la prima donazione. Tutto ci\u00f2 previa compilazione del \u201cQuestionario\u201d disponibile in loco.<\/p>\n\n\n\n<div style=\"height:10px\" aria-hidden=\"true\" class=\"wp-block-spacer\"><\/div>\n\n\n\n<p>Il Questionario anamnestico non va visto come ulteriore burocratizzazione, ma piuttosto come impegno e consapevolezza per garantire una terapia sicura, la migliore possibile, per l\u2019ammalato che ne ha bisogno per guarire.<br>Essere donatori \u00e8 una \u201cscelta\u201d che implica essere consapevoli della seriet\u00e0 e dell\u2019importanza del gesto che si sta compiendo, cos\u00ec come delle nostre azioni e comportamenti.<\/p>\n\n\n\n<div style=\"height:10px\" aria-hidden=\"true\" class=\"wp-block-spacer\"><\/div>\n\n\n\n<p>Invitiamo i donatori a leggere con attenzione sia le parti del consenso informato che le domande del questionario durante l\u2019attesa che precede la visita medica, cos\u00ec da poterlo poi compilare con responsabilit\u00e0 ed in modo veritiero durante il colloquio con il Medico Avis dove, come sempre, si avr\u00e0 la possibilit\u00e0 anche di chiarire eventuali dubbi o chiedere informazioni con la garanzia di massima riservatezza<\/p>\n<\/div>\n\n\n\n<div>\n<a class=\"gb-text gb-text-083e38c8\" href=\"https:\/\/demo.we-com.info\/avis\/wp-content\/uploads\/2025\/10\/Questionario-donatori.pdf\">Scarica Pdf<\/a>\n<\/div>\n<\/div>\n\n\n\n<div class=\"gb-element-8dd2b7c2\">\n<div>\n<h2 class=\"gb-text gb-text-e27631e7\">Delega ritiro analisi singola<\/h2>\n<\/div>\n\n\n\n<div>\n<a class=\"gb-text gb-text-c219324b\" href=\"https:\/\/demo.we-com.info\/avis\/wp-content\/uploads\/2025\/10\/Delega-ritiro-analisi-singola-1.pdf\">Scarica Pdf<\/a>\n<\/div>\n<\/div>\n\n\n\n<div class=\"gb-element-0eaf9768\">\n<div>\n<h2 class=\"gb-text gb-text-0937cb30\">Informativa donatori<\/h2>\n<\/div>\n\n\n\n<div>\n<a class=\"gb-text gb-text-3b866ec5\" href=\"https:\/\/demo.we-com.info\/avis\/wp-content\/uploads\/2025\/10\/Informativa-donatori.pdf\">Scarica Pdf<\/a>\n<\/div>\n<\/div>\n\n\n\n<div class=\"gb-element-df45db25\">\n<div>\n<h2 class=\"gb-text gb-text-7d9e11e1\">Informazioni dopo la donazione<\/h2>\n<\/div>\n\n\n\n<div>\n<a class=\"gb-text gb-text-0505646c\" href=\"https:\/\/demo.we-com.info\/avis\/wp-content\/uploads\/2025\/10\/Informativa-dopo-la-donazione.pdf\">Scarica Pdf<\/a>\n<\/div>\n<\/div>\n<\/div>\n\n\n\n<p><\/p>\n","protected":false},"excerpt":{"rendered":"<p>Domanda di adesione Iscriversi all\u2019Avis \u00e8 totalmente gratuito e non comporta obblighi o vincoli: potrete compilare la domanda di iscrizione con i dati personali, stamparla e consegnarla presso la sede &#8230; <a title=\"Modulistica\" class=\"read-more\" href=\"https:\/\/demo.we-com.info\/avis\/modulistica\/\" aria-label=\"Per saperne di pi\u00f9 su Modulistica\">Leggi tutto<\/a><\/p>\n","protected":false},"author":2,"featured_media":0,"parent":0,"menu_order":0,"comment_status":"closed","ping_status":"closed","template":"","meta":{"_acf_changed":false,"footnotes":""},"class_list":["post-134","page","type-page","status-publish"],"acf":[],"_links":{"self":[{"href":"https:\/\/demo.we-com.info\/avis\/wp-json\/wp\/v2\/pages\/134","targetHints":{"allow":["GET"]}}],"collection":[{"href":"https:\/\/demo.we-com.info\/avis\/wp-json\/wp\/v2\/pages"}],"about":[{"href":"https:\/\/demo.we-com.info\/avis\/wp-json\/wp\/v2\/types\/page"}],"author":[{"embeddable":true,"href":"https:\/\/demo.we-com.info\/avis\/wp-json\/wp\/v2\/users\/2"}],"replies":[{"embeddable":true,"href":"https:\/\/demo.we-com.info\/avis\/wp-json\/wp\/v2\/comments?post=134"}],"version-history":[{"count":19,"href":"https:\/\/demo.we-com.info\/avis\/wp-json\/wp\/v2\/pages\/134\/revisions"}],"predecessor-version":[{"id":1856,"href":"https:\/\/demo.we-com.info\/avis\/wp-json\/wp\/v2\/pages\/134\/revisions\/1856"}],"wp:attachment":[{"href":"https:\/\/demo.we-com.info\/avis\/wp-json\/wp\/v2\/media?parent=134"}],"curies":[{"name":"wp","href":"https:\/\/api.w.org\/{rel}","templated":true}]}}